{"id":18401,"date":"2025-11-11T10:00:31","date_gmt":"2025-11-11T10:00:31","guid":{"rendered":"https:\/\/efamakina.com.tr\/urun\/1171803-cup\/"},"modified":"2025-11-11T10:00:31","modified_gmt":"2025-11-11T10:00:31","slug":"1171803-cup","status":"publish","type":"product","link":"https:\/\/efamakina.com.tr\/az\/urun\/1171803-cup\/","title":{"rendered":"1171803 Cup"},"content":{"rendered":"<p>Caterpillar, Cat, 1171803, 117-1803, Cup, Brake, Part, Parts, Fren, Par\u00e7a, Par\u00e7alar\u0131, Tormuz, Hiss\u0259, Hiss\u0259leri,<\/p>\n","protected":false},"excerpt":{"rendered":"<p>Caterpillar, Cat, 1171803, 117-1803, Cup<\/p>\n","protected":false},"featured_media":16570,"comment_status":"open","ping_status":"closed","template":"","meta":{"_acf_changed":false},"product_brand":[],"product_cat":[421,548],"product_tag":[],"urun-tipi":[393],"class_list":{"0":"post-18401","1":"product","2":"type-product","3":"status-publish","4":"has-post-thumbnail","6":"product_cat-brake-planetary-group","7":"product_cat-brake-group","8":"urun-tipi-caterpillar-cat","10":"first","11":"instock","12":"taxable","13":"shipping-taxable","14":"purchasable","15":"product-type-simple"},"acf":[],"_links":{"self":[{"href":"https:\/\/efamakina.com.tr\/az\/wp-json\/wp\/v2\/product\/18401","targetHints":{"allow":["GET"]}}],"collection":[{"href":"https:\/\/efamakina.com.tr\/az\/wp-json\/wp\/v2\/product"}],"about":[{"href":"https:\/\/efamakina.com.tr\/az\/wp-json\/wp\/v2\/types\/product"}],"replies":[{"embeddable":true,"href":"https:\/\/efamakina.com.tr\/az\/wp-json\/wp\/v2\/comments?post=18401"}],"wp:featuredmedia":[{"embeddable":true,"href":"https:\/\/efamakina.com.tr\/az\/wp-json\/wp\/v2\/media\/16570"}],"wp:attachment":[{"href":"https:\/\/efamakina.com.tr\/az\/wp-json\/wp\/v2\/media?parent=18401"}],"wp:term":[{"taxonomy":"product_brand","embeddable":true,"href":"https:\/\/efamakina.com.tr\/az\/wp-json\/wp\/v2\/product_brand?post=18401"},{"taxonomy":"product_cat","embeddable":true,"href":"https:\/\/efamakina.com.tr\/az\/wp-json\/wp\/v2\/product_cat?post=18401"},{"taxonomy":"product_tag","embeddable":true,"href":"https:\/\/efamakina.com.tr\/az\/wp-json\/wp\/v2\/product_tag?post=18401"},{"taxonomy":"urun-tipi","embeddable":true,"href":"https:\/\/efamakina.com.tr\/az\/wp-json\/wp\/v2\/urun-tipi?post=18401"}],"curies":[{"name":"wp","href":"https:\/\/api.w.org\/{rel}","templated":true}]}}