{"id":18231,"date":"2025-11-11T10:00:43","date_gmt":"2025-11-11T10:00:43","guid":{"rendered":"https:\/\/efamakina.com.tr\/urun\/2143573-piston\/"},"modified":"2025-11-11T10:00:43","modified_gmt":"2025-11-11T10:00:43","slug":"2143573-piston","status":"publish","type":"product","link":"https:\/\/efamakina.com.tr\/az\/urun\/2143573-piston\/","title":{"rendered":"2143573 Piston"},"content":{"rendered":"<p>Caterpillar, Cat, 2143573, 214-3573 Piston, Brake, Part, Parts, Fren, Par\u00e7a, Par\u00e7alar\u0131, Tormuz, Hiss\u0259, Hiss\u0259leri,<\/p>\n","protected":false},"excerpt":{"rendered":"<p>Caterpillar, Cat, 2143573, 214-3573 Piston<\/p>\n","protected":false},"featured_media":16570,"comment_status":"open","ping_status":"closed","template":"","meta":{"_acf_changed":false},"product_brand":[],"product_cat":[421,548],"product_tag":[],"urun-tipi":[393],"class_list":{"0":"post-18231","1":"product","2":"type-product","3":"status-publish","4":"has-post-thumbnail","6":"product_cat-brake-planetary-group","7":"product_cat-brake-group","8":"urun-tipi-caterpillar-cat","10":"first","11":"instock","12":"taxable","13":"shipping-taxable","14":"purchasable","15":"product-type-simple"},"acf":[],"_links":{"self":[{"href":"https:\/\/efamakina.com.tr\/az\/wp-json\/wp\/v2\/product\/18231","targetHints":{"allow":["GET"]}}],"collection":[{"href":"https:\/\/efamakina.com.tr\/az\/wp-json\/wp\/v2\/product"}],"about":[{"href":"https:\/\/efamakina.com.tr\/az\/wp-json\/wp\/v2\/types\/product"}],"replies":[{"embeddable":true,"href":"https:\/\/efamakina.com.tr\/az\/wp-json\/wp\/v2\/comments?post=18231"}],"wp:featuredmedia":[{"embeddable":true,"href":"https:\/\/efamakina.com.tr\/az\/wp-json\/wp\/v2\/media\/16570"}],"wp:attachment":[{"href":"https:\/\/efamakina.com.tr\/az\/wp-json\/wp\/v2\/media?parent=18231"}],"wp:term":[{"taxonomy":"product_brand","embeddable":true,"href":"https:\/\/efamakina.com.tr\/az\/wp-json\/wp\/v2\/product_brand?post=18231"},{"taxonomy":"product_cat","embeddable":true,"href":"https:\/\/efamakina.com.tr\/az\/wp-json\/wp\/v2\/product_cat?post=18231"},{"taxonomy":"product_tag","embeddable":true,"href":"https:\/\/efamakina.com.tr\/az\/wp-json\/wp\/v2\/product_tag?post=18231"},{"taxonomy":"urun-tipi","embeddable":true,"href":"https:\/\/efamakina.com.tr\/az\/wp-json\/wp\/v2\/urun-tipi?post=18231"}],"curies":[{"name":"wp","href":"https:\/\/api.w.org\/{rel}","templated":true}]}}