{"id":17890,"date":"2025-11-11T10:01:55","date_gmt":"2025-11-11T10:01:55","guid":{"rendered":"https:\/\/efamakina.com.tr\/urun\/9w3939-ring\/"},"modified":"2025-11-11T10:01:55","modified_gmt":"2025-11-11T10:01:55","slug":"9w3939-ring","status":"publish","type":"product","link":"https:\/\/efamakina.com.tr\/az\/urun\/9w3939-ring\/","title":{"rendered":"9W3939 Ring"},"content":{"rendered":"<p>Caterpillar, Cat, 9W3939, 9W-3939 Ring, Brake, Part, Parts, Fren, Par\u00e7a, Par\u00e7alar\u0131, Tormuz, Hiss\u0259, Hiss\u0259leri,<\/p>\n","protected":false},"excerpt":{"rendered":"<p>Caterpillar, Cat, 9W3939, 9W-3939 Ring<\/p>\n","protected":false},"featured_media":16570,"comment_status":"open","ping_status":"closed","template":"","meta":{"_acf_changed":false},"product_brand":[],"product_cat":[548,421],"product_tag":[],"urun-tipi":[393],"class_list":{"0":"post-17890","1":"product","2":"type-product","3":"status-publish","4":"has-post-thumbnail","6":"product_cat-brake-group","7":"product_cat-brake-planetary-group","8":"urun-tipi-caterpillar-cat","10":"first","11":"instock","12":"taxable","13":"shipping-taxable","14":"purchasable","15":"product-type-simple"},"acf":[],"_links":{"self":[{"href":"https:\/\/efamakina.com.tr\/az\/wp-json\/wp\/v2\/product\/17890","targetHints":{"allow":["GET"]}}],"collection":[{"href":"https:\/\/efamakina.com.tr\/az\/wp-json\/wp\/v2\/product"}],"about":[{"href":"https:\/\/efamakina.com.tr\/az\/wp-json\/wp\/v2\/types\/product"}],"replies":[{"embeddable":true,"href":"https:\/\/efamakina.com.tr\/az\/wp-json\/wp\/v2\/comments?post=17890"}],"wp:featuredmedia":[{"embeddable":true,"href":"https:\/\/efamakina.com.tr\/az\/wp-json\/wp\/v2\/media\/16570"}],"wp:attachment":[{"href":"https:\/\/efamakina.com.tr\/az\/wp-json\/wp\/v2\/media?parent=17890"}],"wp:term":[{"taxonomy":"product_brand","embeddable":true,"href":"https:\/\/efamakina.com.tr\/az\/wp-json\/wp\/v2\/product_brand?post=17890"},{"taxonomy":"product_cat","embeddable":true,"href":"https:\/\/efamakina.com.tr\/az\/wp-json\/wp\/v2\/product_cat?post=17890"},{"taxonomy":"product_tag","embeddable":true,"href":"https:\/\/efamakina.com.tr\/az\/wp-json\/wp\/v2\/product_tag?post=17890"},{"taxonomy":"urun-tipi","embeddable":true,"href":"https:\/\/efamakina.com.tr\/az\/wp-json\/wp\/v2\/urun-tipi?post=17890"}],"curies":[{"name":"wp","href":"https:\/\/api.w.org\/{rel}","templated":true}]}}