{"id":17280,"date":"2025-10-24T12:28:42","date_gmt":"2025-10-24T12:28:42","guid":{"rendered":"https:\/\/efamakina.com.tr\/urun\/1077832-gasket-as-cylinder-head\/"},"modified":"2025-10-24T12:28:42","modified_gmt":"2025-10-24T12:28:42","slug":"1077832-gasket-as-cylinder-head","status":"publish","type":"product","link":"https:\/\/efamakina.com.tr\/az\/urun\/1077832-gasket-as-cylinder-head\/","title":{"rendered":"1077832 Gasket AS-Cylinder Head"},"content":{"rendered":"<p>Caterpillar, Cat, 1077832, 107-7832, 4P6930, 4P-6930, 7W9956, 7W-9956, Gasket AS-Cylinder Head, Engine, Part, Parts, Motor, Yedek, Par\u00e7a, Par\u00e7alar\u0131, M\u00fch\u0259rrik, Ehtiyat, Hiss\u0259, Hiss\u0259leri, Cylinder, Head, Part, Parts, Silindir, Kapak, Par\u00e7a, Par\u00e7alar\u0131, qalofka, qalovka, qalopka, Hiss\u0259, Hiss\u0259leri, Silindir, Kapak, Contas\u0131, qalovka, qalofka, qolovka, Praqlatka, praklatkas\u0131,<\/p>\n","protected":false},"excerpt":{"rendered":"<p>Caterpillar, Cat, 1077832, 107-7832, 4P6930, 4P-6930, 7W9956, 7W-9956, Gasket AS-Cylinder Head<\/p>\n","protected":false},"featured_media":16570,"comment_status":"open","ping_status":"closed","template":"","meta":{"_acf_changed":false},"product_brand":[],"product_cat":[15,543],"product_tag":[],"urun-tipi":[393],"class_list":{"0":"post-17280","1":"product","2":"type-product","3":"status-publish","4":"has-post-thumbnail","6":"product_cat-engine-and-related-systems","7":"product_cat-cylinder-head-gp-az","8":"urun-tipi-caterpillar-cat","10":"first","11":"instock","12":"taxable","13":"shipping-taxable","14":"purchasable","15":"product-type-simple"},"acf":[],"_links":{"self":[{"href":"https:\/\/efamakina.com.tr\/az\/wp-json\/wp\/v2\/product\/17280","targetHints":{"allow":["GET"]}}],"collection":[{"href":"https:\/\/efamakina.com.tr\/az\/wp-json\/wp\/v2\/product"}],"about":[{"href":"https:\/\/efamakina.com.tr\/az\/wp-json\/wp\/v2\/types\/product"}],"replies":[{"embeddable":true,"href":"https:\/\/efamakina.com.tr\/az\/wp-json\/wp\/v2\/comments?post=17280"}],"wp:featuredmedia":[{"embeddable":true,"href":"https:\/\/efamakina.com.tr\/az\/wp-json\/wp\/v2\/media\/16570"}],"wp:attachment":[{"href":"https:\/\/efamakina.com.tr\/az\/wp-json\/wp\/v2\/media?parent=17280"}],"wp:term":[{"taxonomy":"product_brand","embeddable":true,"href":"https:\/\/efamakina.com.tr\/az\/wp-json\/wp\/v2\/product_brand?post=17280"},{"taxonomy":"product_cat","embeddable":true,"href":"https:\/\/efamakina.com.tr\/az\/wp-json\/wp\/v2\/product_cat?post=17280"},{"taxonomy":"product_tag","embeddable":true,"href":"https:\/\/efamakina.com.tr\/az\/wp-json\/wp\/v2\/product_tag?post=17280"},{"taxonomy":"urun-tipi","embeddable":true,"href":"https:\/\/efamakina.com.tr\/az\/wp-json\/wp\/v2\/urun-tipi?post=17280"}],"curies":[{"name":"wp","href":"https:\/\/api.w.org\/{rel}","templated":true}]}}