{"id":16649,"date":"2025-10-23T09:53:40","date_gmt":"2025-10-23T09:53:40","guid":{"rendered":"https:\/\/efamakina.com.tr\/urun\/2635055-cylinder-head-gp\/"},"modified":"2025-10-23T09:54:48","modified_gmt":"2025-10-23T09:54:48","slug":"2635055-cylinder-head-gp","status":"publish","type":"product","link":"https:\/\/efamakina.com.tr\/az\/urun\/2635055-cylinder-head-gp\/","title":{"rendered":"2635055 Cylinder Head GP"},"content":{"rendered":"<p>Caterpillar, Cat, 2635055, 263-5055, 2436741, 243-6741, 3128347, 312-8347, 3123565, 312-3565, 2239250, 223-9250, 5839600, 583-9600, 2237263, 223-7263, 2445849, 244-5849, Cylinder Head GP, Engine, Part, Parts, Motor, Yedek, Par\u00e7a, Par\u00e7alar\u0131, M\u00fch\u0259rrik, Ehtiyat, Hiss\u0259, Hiss\u0259leri, Cylinder, Head, Part, Parts, Silindir, Kapak, Par\u00e7a, Par\u00e7alar\u0131, qalofka, qalovka, qalopka, Hiss\u0259, Hiss\u0259leri, golovka, bloka, tsilindrov,<\/p>\n","protected":false},"excerpt":{"rendered":"<p>Caterpillar, Cat, 2635055, 263-5055, 2436741, 243-6741, 3128347, 312-8347, 3123565, 312-3565, 2239250, 223-9250, 5839600, 583-9600, 2237263, 223-7263, 2445849, 244-5849, Cylinder Head GP<\/p>\n","protected":false},"featured_media":16570,"comment_status":"open","ping_status":"closed","template":"","meta":{"_acf_changed":false},"product_brand":[],"product_cat":[15,543],"product_tag":[],"urun-tipi":[393],"class_list":{"0":"post-16649","1":"product","2":"type-product","3":"status-publish","4":"has-post-thumbnail","6":"product_cat-engine-and-related-systems","7":"product_cat-cylinder-head-gp-az","8":"urun-tipi-caterpillar-cat","10":"first","11":"instock","12":"taxable","13":"shipping-taxable","14":"purchasable","15":"product-type-simple"},"acf":[],"_links":{"self":[{"href":"https:\/\/efamakina.com.tr\/az\/wp-json\/wp\/v2\/product\/16649","targetHints":{"allow":["GET"]}}],"collection":[{"href":"https:\/\/efamakina.com.tr\/az\/wp-json\/wp\/v2\/product"}],"about":[{"href":"https:\/\/efamakina.com.tr\/az\/wp-json\/wp\/v2\/types\/product"}],"replies":[{"embeddable":true,"href":"https:\/\/efamakina.com.tr\/az\/wp-json\/wp\/v2\/comments?post=16649"}],"wp:featuredmedia":[{"embeddable":true,"href":"https:\/\/efamakina.com.tr\/az\/wp-json\/wp\/v2\/media\/16570"}],"wp:attachment":[{"href":"https:\/\/efamakina.com.tr\/az\/wp-json\/wp\/v2\/media?parent=16649"}],"wp:term":[{"taxonomy":"product_brand","embeddable":true,"href":"https:\/\/efamakina.com.tr\/az\/wp-json\/wp\/v2\/product_brand?post=16649"},{"taxonomy":"product_cat","embeddable":true,"href":"https:\/\/efamakina.com.tr\/az\/wp-json\/wp\/v2\/product_cat?post=16649"},{"taxonomy":"product_tag","embeddable":true,"href":"https:\/\/efamakina.com.tr\/az\/wp-json\/wp\/v2\/product_tag?post=16649"},{"taxonomy":"urun-tipi","embeddable":true,"href":"https:\/\/efamakina.com.tr\/az\/wp-json\/wp\/v2\/urun-tipi?post=16649"}],"curies":[{"name":"wp","href":"https:\/\/api.w.org\/{rel}","templated":true}]}}