{"id":16629,"date":"2025-10-23T07:41:41","date_gmt":"2025-10-23T07:41:41","guid":{"rendered":"https:\/\/efamakina.com.tr\/urun\/1407373-cylinder-head-as\/"},"modified":"2025-10-23T07:42:03","modified_gmt":"2025-10-23T07:42:03","slug":"1407373-cylinder-head-as","status":"publish","type":"product","link":"https:\/\/efamakina.com.tr\/az\/urun\/1407373-cylinder-head-as\/","title":{"rendered":"1407373 Cylinder Head AS"},"content":{"rendered":"<p>Caterpillar, Cat, 1407373, 140-7373, 1260496, 126-0496, 1260467, 126-0467, 1154107, 1077610, 107-7610, 1051770, 107-1770, 1077720, 107-7720, 115-4107, 1193067, 119-3067, 1407372, 140-7372, 1193065, 119-3065, 1154108, 115-4108, 9Y6166, 9Y-6166, 7W3278, 7W-3278, 4P8263, 4P-8263, 4P8262, 4P-8262, 4P2439, 4P-2439, 4P2139, 4P-2139, 1909096, 190-9096,  Cylinder Head AS, Engine, Part, Parts, Motor, Yedek, Par\u00e7a, Par\u00e7alar\u0131, M\u00fch\u0259rrik, Ehtiyat, Hiss\u0259, Hiss\u0259leri, Cylinder, Head, Part, Parts, Silindir, Kapak, Par\u00e7a, Par\u00e7alar\u0131, qalofka, qalovka, qalopka, Hiss\u0259, Hiss\u0259leri, golovka, bloka, tsilindrov,<\/p>\n","protected":false},"excerpt":{"rendered":"<p>Caterpillar, Cat, 1407373, 140-7373, 1260496, 126-0496, 1260467, 126-0467, 1154107, 1077610, 107-7610, 1051770, 107-1770, 1077720, 107-7720, 115-4107, 1193067, 119-3067, 1407372, 140-7372, 1193065, 119-3065, 1154108, 115-4108, 9Y6166, 9Y-6166, 7W3278, 7W-3278, 4P8263, 4P-8263, 4P8262, 4P-8262, 4P2439, 4P-2439, 4P2139, 4P-2139, 1909096, 190-9096,  Cylinder Head AS<\/p>\n","protected":false},"featured_media":16570,"comment_status":"open","ping_status":"closed","template":"","meta":{"_acf_changed":false},"product_brand":[],"product_cat":[15,543],"product_tag":[],"urun-tipi":[393],"class_list":{"0":"post-16629","1":"product","2":"type-product","3":"status-publish","4":"has-post-thumbnail","6":"product_cat-engine-and-related-systems","7":"product_cat-cylinder-head-gp-az","8":"urun-tipi-caterpillar-cat","10":"first","11":"instock","12":"taxable","13":"shipping-taxable","14":"purchasable","15":"product-type-simple"},"acf":[],"_links":{"self":[{"href":"https:\/\/efamakina.com.tr\/az\/wp-json\/wp\/v2\/product\/16629","targetHints":{"allow":["GET"]}}],"collection":[{"href":"https:\/\/efamakina.com.tr\/az\/wp-json\/wp\/v2\/product"}],"about":[{"href":"https:\/\/efamakina.com.tr\/az\/wp-json\/wp\/v2\/types\/product"}],"replies":[{"embeddable":true,"href":"https:\/\/efamakina.com.tr\/az\/wp-json\/wp\/v2\/comments?post=16629"}],"wp:featuredmedia":[{"embeddable":true,"href":"https:\/\/efamakina.com.tr\/az\/wp-json\/wp\/v2\/media\/16570"}],"wp:attachment":[{"href":"https:\/\/efamakina.com.tr\/az\/wp-json\/wp\/v2\/media?parent=16629"}],"wp:term":[{"taxonomy":"product_brand","embeddable":true,"href":"https:\/\/efamakina.com.tr\/az\/wp-json\/wp\/v2\/product_brand?post=16629"},{"taxonomy":"product_cat","embeddable":true,"href":"https:\/\/efamakina.com.tr\/az\/wp-json\/wp\/v2\/product_cat?post=16629"},{"taxonomy":"product_tag","embeddable":true,"href":"https:\/\/efamakina.com.tr\/az\/wp-json\/wp\/v2\/product_tag?post=16629"},{"taxonomy":"urun-tipi","embeddable":true,"href":"https:\/\/efamakina.com.tr\/az\/wp-json\/wp\/v2\/urun-tipi?post=16629"}],"curies":[{"name":"wp","href":"https:\/\/api.w.org\/{rel}","templated":true}]}}