{"id":16563,"date":"2025-08-19T08:34:42","date_gmt":"2025-08-19T08:34:42","guid":{"rendered":"https:\/\/efamakina.com.tr\/urun\/2632915-bolt-12-point-head\/"},"modified":"2025-08-19T08:35:10","modified_gmt":"2025-08-19T08:35:10","slug":"2632915-bolt-12-point-head","status":"publish","type":"product","link":"https:\/\/efamakina.com.tr\/az\/urun\/2632915-bolt-12-point-head\/","title":{"rendered":"2632915 Bolt-12 Point Head"},"content":{"rendered":"<p>Caterpillar, Cat, 2632915, 263-2915, 1835163, 183-5163, Bolt-12 Point Head, Engine, Part, Parts, Motor, Yedek, Par\u00e7a, Par\u00e7alar\u0131, M\u00fch\u0259rrik, Ehtiyat, Hiss\u0259, Hiss\u0259leri, Cylinder, Head, Part, Parts, Silindir, Kapak, Par\u00e7a, Par\u00e7alar\u0131, qalofka, qalovka, qalopka, Hiss\u0259, Hiss\u0259leri,<\/p>\n","protected":false},"excerpt":{"rendered":"<p>Caterpillar, Cat, 2632915, 263-2915, 1835163, 183-5163, Bolt-12 Point Head<\/p>\n","protected":false},"featured_media":13057,"comment_status":"open","ping_status":"closed","template":"","meta":{"_acf_changed":false},"product_brand":[],"product_cat":[15,543],"product_tag":[],"urun-tipi":[393],"class_list":{"0":"post-16563","1":"product","2":"type-product","3":"status-publish","4":"has-post-thumbnail","6":"product_cat-engine-and-related-systems","7":"product_cat-cylinder-head-gp-az","8":"urun-tipi-caterpillar-cat","10":"first","11":"instock","12":"taxable","13":"shipping-taxable","14":"purchasable","15":"product-type-simple"},"acf":[],"_links":{"self":[{"href":"https:\/\/efamakina.com.tr\/az\/wp-json\/wp\/v2\/product\/16563","targetHints":{"allow":["GET"]}}],"collection":[{"href":"https:\/\/efamakina.com.tr\/az\/wp-json\/wp\/v2\/product"}],"about":[{"href":"https:\/\/efamakina.com.tr\/az\/wp-json\/wp\/v2\/types\/product"}],"replies":[{"embeddable":true,"href":"https:\/\/efamakina.com.tr\/az\/wp-json\/wp\/v2\/comments?post=16563"}],"wp:featuredmedia":[{"embeddable":true,"href":"https:\/\/efamakina.com.tr\/az\/wp-json\/wp\/v2\/media\/13057"}],"wp:attachment":[{"href":"https:\/\/efamakina.com.tr\/az\/wp-json\/wp\/v2\/media?parent=16563"}],"wp:term":[{"taxonomy":"product_brand","embeddable":true,"href":"https:\/\/efamakina.com.tr\/az\/wp-json\/wp\/v2\/product_brand?post=16563"},{"taxonomy":"product_cat","embeddable":true,"href":"https:\/\/efamakina.com.tr\/az\/wp-json\/wp\/v2\/product_cat?post=16563"},{"taxonomy":"product_tag","embeddable":true,"href":"https:\/\/efamakina.com.tr\/az\/wp-json\/wp\/v2\/product_tag?post=16563"},{"taxonomy":"urun-tipi","embeddable":true,"href":"https:\/\/efamakina.com.tr\/az\/wp-json\/wp\/v2\/urun-tipi?post=16563"}],"curies":[{"name":"wp","href":"https:\/\/api.w.org\/{rel}","templated":true}]}}