{"id":16376,"date":"2025-07-15T04:27:16","date_gmt":"2025-07-15T04:27:16","guid":{"rendered":"https:\/\/efamakina.com.tr\/urun\/2239133-rod-as-connecting\/"},"modified":"2025-07-15T04:27:43","modified_gmt":"2025-07-15T04:27:43","slug":"2239133-rod-as-connecting","status":"publish","type":"product","link":"https:\/\/efamakina.com.tr\/az\/urun\/2239133-rod-as-connecting\/","title":{"rendered":"2239133 Rod AS-Connecting"},"content":{"rendered":"<p>Caterpillar, Cat, 2239133, 223-9133, 1608192, 160-8192, Rod AS-Connecting, Engine, Motor, M\u00fch\u0259rrik, Yedek, Par\u00e7a, Par\u00e7alar\u0131 Ehtiyat, Hiss\u0259l\u0259ri, Hiss\u0259, Hisse, Hisseleri, Piston, \u015eatun, Kol, Kolu,<\/p>\n","protected":false},"excerpt":{"rendered":"<p>Caterpillar, Cat, 2239133, 223-9133, 1608192, 160-8192, Rod AS-Connecting<\/p>\n","protected":false},"featured_media":13057,"comment_status":"open","ping_status":"closed","template":"","meta":{"_acf_changed":false},"product_brand":[],"product_cat":[15,539],"product_tag":[],"urun-tipi":[393],"class_list":{"0":"post-16376","1":"product","2":"type-product","3":"status-publish","4":"has-post-thumbnail","6":"product_cat-engine-and-related-systems","7":"product_cat-piston-rod-liner-az","8":"urun-tipi-caterpillar-cat","10":"first","11":"instock","12":"taxable","13":"shipping-taxable","14":"purchasable","15":"product-type-simple"},"acf":[],"_links":{"self":[{"href":"https:\/\/efamakina.com.tr\/az\/wp-json\/wp\/v2\/product\/16376","targetHints":{"allow":["GET"]}}],"collection":[{"href":"https:\/\/efamakina.com.tr\/az\/wp-json\/wp\/v2\/product"}],"about":[{"href":"https:\/\/efamakina.com.tr\/az\/wp-json\/wp\/v2\/types\/product"}],"replies":[{"embeddable":true,"href":"https:\/\/efamakina.com.tr\/az\/wp-json\/wp\/v2\/comments?post=16376"}],"wp:featuredmedia":[{"embeddable":true,"href":"https:\/\/efamakina.com.tr\/az\/wp-json\/wp\/v2\/media\/13057"}],"wp:attachment":[{"href":"https:\/\/efamakina.com.tr\/az\/wp-json\/wp\/v2\/media?parent=16376"}],"wp:term":[{"taxonomy":"product_brand","embeddable":true,"href":"https:\/\/efamakina.com.tr\/az\/wp-json\/wp\/v2\/product_brand?post=16376"},{"taxonomy":"product_cat","embeddable":true,"href":"https:\/\/efamakina.com.tr\/az\/wp-json\/wp\/v2\/product_cat?post=16376"},{"taxonomy":"product_tag","embeddable":true,"href":"https:\/\/efamakina.com.tr\/az\/wp-json\/wp\/v2\/product_tag?post=16376"},{"taxonomy":"urun-tipi","embeddable":true,"href":"https:\/\/efamakina.com.tr\/az\/wp-json\/wp\/v2\/urun-tipi?post=16376"}],"curies":[{"name":"wp","href":"https:\/\/api.w.org\/{rel}","templated":true}]}}