{"id":16340,"date":"2025-07-14T04:28:27","date_gmt":"2025-07-14T04:28:27","guid":{"rendered":"https:\/\/efamakina.com.tr\/urun\/4349020-ring-piston-top\/"},"modified":"2025-07-14T04:28:55","modified_gmt":"2025-07-14T04:28:55","slug":"4349020-ring-piston-top","status":"publish","type":"product","link":"https:\/\/efamakina.com.tr\/az\/urun\/4349020-ring-piston-top\/","title":{"rendered":"4349020 Ring-Piston (Top)"},"content":{"rendered":"<p>Caterpillar, Cat, 4349020, 434-9020, 3341158, 334-1158, Ring-Piston (Top), Engine, Motor, M\u00fch\u0259rrik, Yedek, Par\u00e7a, Par\u00e7alar\u0131 Ehtiyat, Hiss\u0259l\u0259ri, Hiss\u0259, Hisse, Hisseleri, Sekman, \u00dcz\u00fck, Kolsa, Orta,<\/p>\n","protected":false},"excerpt":{"rendered":"<p>Caterpillar, Cat, 4349020, 434-9020, 3341158, 334-1158, Ring-Piston (Top)<\/p>\n","protected":false},"featured_media":13057,"comment_status":"open","ping_status":"closed","template":"","meta":{"_acf_changed":false},"product_brand":[],"product_cat":[539,15],"product_tag":[],"urun-tipi":[393],"class_list":{"0":"post-16340","1":"product","2":"type-product","3":"status-publish","4":"has-post-thumbnail","6":"product_cat-piston-rod-liner-az","7":"product_cat-engine-and-related-systems","8":"urun-tipi-caterpillar-cat","10":"first","11":"instock","12":"taxable","13":"shipping-taxable","14":"purchasable","15":"product-type-simple"},"acf":[],"_links":{"self":[{"href":"https:\/\/efamakina.com.tr\/az\/wp-json\/wp\/v2\/product\/16340","targetHints":{"allow":["GET"]}}],"collection":[{"href":"https:\/\/efamakina.com.tr\/az\/wp-json\/wp\/v2\/product"}],"about":[{"href":"https:\/\/efamakina.com.tr\/az\/wp-json\/wp\/v2\/types\/product"}],"replies":[{"embeddable":true,"href":"https:\/\/efamakina.com.tr\/az\/wp-json\/wp\/v2\/comments?post=16340"}],"wp:featuredmedia":[{"embeddable":true,"href":"https:\/\/efamakina.com.tr\/az\/wp-json\/wp\/v2\/media\/13057"}],"wp:attachment":[{"href":"https:\/\/efamakina.com.tr\/az\/wp-json\/wp\/v2\/media?parent=16340"}],"wp:term":[{"taxonomy":"product_brand","embeddable":true,"href":"https:\/\/efamakina.com.tr\/az\/wp-json\/wp\/v2\/product_brand?post=16340"},{"taxonomy":"product_cat","embeddable":true,"href":"https:\/\/efamakina.com.tr\/az\/wp-json\/wp\/v2\/product_cat?post=16340"},{"taxonomy":"product_tag","embeddable":true,"href":"https:\/\/efamakina.com.tr\/az\/wp-json\/wp\/v2\/product_tag?post=16340"},{"taxonomy":"urun-tipi","embeddable":true,"href":"https:\/\/efamakina.com.tr\/az\/wp-json\/wp\/v2\/urun-tipi?post=16340"}],"curies":[{"name":"wp","href":"https:\/\/api.w.org\/{rel}","templated":true}]}}