{"id":16202,"date":"2025-07-11T15:41:19","date_gmt":"2025-07-11T15:41:19","guid":{"rendered":"https:\/\/efamakina.com.tr\/urun\/5863377-liner-cylinder\/"},"modified":"2025-07-11T15:41:45","modified_gmt":"2025-07-11T15:41:45","slug":"5863377-liner-cylinder","status":"publish","type":"product","link":"https:\/\/efamakina.com.tr\/az\/urun\/5863377-liner-cylinder\/","title":{"rendered":"5863377 Liner-Cylinder"},"content":{"rendered":"<p>Caterpillar, Cat, 5863377, 586-3377, 1979322, 197-9322, 2382700, 238-2700, 1599778, 159-9778, 9Y8858, 9Y-8858, 2W6000, 2W-6000, 7W3550, 7W-3550, 7N0943, 7N-0943, 3939736, 393-9736,  Liner-Cylinder, Engine, Motor, M\u00fch\u0259rrik, Yedek, Par\u00e7a, Par\u00e7alar\u0131 Ehtiyat, Hiss\u0259l\u0259ri, Hiss\u0259, Hisse, Hisseleri, G\u00f6mlek, Giliz, G\u00f6mle\u011fi, Giliz, Gilizi,<\/p>\n","protected":false},"excerpt":{"rendered":"<p>Caterpillar, Cat, 5863377, 586-3377, 1979322, 197-9322, 2382700, 238-2700, 1599778, 159-9778, 9Y8858, 9Y-8858, 2W6000, 2W-6000, 7W3550, 7W-3550, 7N0943, 7N-0943, 3939736, 393-9736,  Liner-Cylinder<\/p>\n","protected":false},"featured_media":13057,"comment_status":"open","ping_status":"closed","template":"","meta":{"_acf_changed":false},"product_brand":[],"product_cat":[15,539],"product_tag":[],"urun-tipi":[393],"class_list":{"0":"post-16202","1":"product","2":"type-product","3":"status-publish","4":"has-post-thumbnail","6":"product_cat-engine-and-related-systems","7":"product_cat-piston-rod-liner-az","8":"urun-tipi-caterpillar-cat","10":"first","11":"instock","12":"taxable","13":"shipping-taxable","14":"purchasable","15":"product-type-simple"},"acf":[],"_links":{"self":[{"href":"https:\/\/efamakina.com.tr\/az\/wp-json\/wp\/v2\/product\/16202","targetHints":{"allow":["GET"]}}],"collection":[{"href":"https:\/\/efamakina.com.tr\/az\/wp-json\/wp\/v2\/product"}],"about":[{"href":"https:\/\/efamakina.com.tr\/az\/wp-json\/wp\/v2\/types\/product"}],"replies":[{"embeddable":true,"href":"https:\/\/efamakina.com.tr\/az\/wp-json\/wp\/v2\/comments?post=16202"}],"wp:featuredmedia":[{"embeddable":true,"href":"https:\/\/efamakina.com.tr\/az\/wp-json\/wp\/v2\/media\/13057"}],"wp:attachment":[{"href":"https:\/\/efamakina.com.tr\/az\/wp-json\/wp\/v2\/media?parent=16202"}],"wp:term":[{"taxonomy":"product_brand","embeddable":true,"href":"https:\/\/efamakina.com.tr\/az\/wp-json\/wp\/v2\/product_brand?post=16202"},{"taxonomy":"product_cat","embeddable":true,"href":"https:\/\/efamakina.com.tr\/az\/wp-json\/wp\/v2\/product_cat?post=16202"},{"taxonomy":"product_tag","embeddable":true,"href":"https:\/\/efamakina.com.tr\/az\/wp-json\/wp\/v2\/product_tag?post=16202"},{"taxonomy":"urun-tipi","embeddable":true,"href":"https:\/\/efamakina.com.tr\/az\/wp-json\/wp\/v2\/urun-tipi?post=16202"}],"curies":[{"name":"wp","href":"https:\/\/api.w.org\/{rel}","templated":true}]}}