{"id":16159,"date":"2025-07-10T18:12:44","date_gmt":"2025-07-10T18:12:44","guid":{"rendered":"https:\/\/efamakina.com.tr\/?post_type=product&#038;p=16159"},"modified":"2025-07-10T18:12:44","modified_gmt":"2025-07-10T18:12:44","slug":"6007350-kit-piston-ring-1-0-mm-oversize","status":"publish","type":"product","link":"https:\/\/efamakina.com.tr\/az\/urun\/6007350-kit-piston-ring-1-0-mm-oversize\/","title":{"rendered":"6007350 Kit-Piston Ring (+1.0 mm Oversize)"},"content":{"rendered":"<p>Caterpillar, Cat, 6007350, 600-7350, Kit-Piston Ring (+1.0 mm Oversize), Engine, Motor, M\u00fch\u0259rrik, Yedek, Par\u00e7a, Par\u00e7alar\u0131 Ehtiyat, Hiss\u0259l\u0259ri, Hiss\u0259, Hisse, Hisseleri, \u00fcz\u00fck, Kolsa, Sekman, Kit, Kiti, Set, Seti, Tak\u0131m, Tak\u0131m\u0131, d\u0259st, d\u0259sti, dest, desti,<\/p>\n","protected":false},"excerpt":{"rendered":"<p>Caterpillar, Cat, 6007350, 600-7350, Kit-Piston Ring (+1.0 mm Oversize)<\/p>\n","protected":false},"featured_media":13057,"comment_status":"open","ping_status":"closed","template":"","meta":{"_acf_changed":false},"product_brand":[],"product_cat":[15,539],"product_tag":[],"urun-tipi":[393],"class_list":{"0":"post-16159","1":"product","2":"type-product","3":"status-publish","4":"has-post-thumbnail","6":"product_cat-engine-and-related-systems","7":"product_cat-piston-rod-liner-az","8":"urun-tipi-caterpillar-cat","10":"first","11":"instock","12":"taxable","13":"shipping-taxable","14":"purchasable","15":"product-type-simple"},"acf":[],"_links":{"self":[{"href":"https:\/\/efamakina.com.tr\/az\/wp-json\/wp\/v2\/product\/16159","targetHints":{"allow":["GET"]}}],"collection":[{"href":"https:\/\/efamakina.com.tr\/az\/wp-json\/wp\/v2\/product"}],"about":[{"href":"https:\/\/efamakina.com.tr\/az\/wp-json\/wp\/v2\/types\/product"}],"replies":[{"embeddable":true,"href":"https:\/\/efamakina.com.tr\/az\/wp-json\/wp\/v2\/comments?post=16159"}],"wp:featuredmedia":[{"embeddable":true,"href":"https:\/\/efamakina.com.tr\/az\/wp-json\/wp\/v2\/media\/13057"}],"wp:attachment":[{"href":"https:\/\/efamakina.com.tr\/az\/wp-json\/wp\/v2\/media?parent=16159"}],"wp:term":[{"taxonomy":"product_brand","embeddable":true,"href":"https:\/\/efamakina.com.tr\/az\/wp-json\/wp\/v2\/product_brand?post=16159"},{"taxonomy":"product_cat","embeddable":true,"href":"https:\/\/efamakina.com.tr\/az\/wp-json\/wp\/v2\/product_cat?post=16159"},{"taxonomy":"product_tag","embeddable":true,"href":"https:\/\/efamakina.com.tr\/az\/wp-json\/wp\/v2\/product_tag?post=16159"},{"taxonomy":"urun-tipi","embeddable":true,"href":"https:\/\/efamakina.com.tr\/az\/wp-json\/wp\/v2\/urun-tipi?post=16159"}],"curies":[{"name":"wp","href":"https:\/\/api.w.org\/{rel}","templated":true}]}}