{"id":16158,"date":"2025-07-10T18:10:48","date_gmt":"2025-07-10T18:10:48","guid":{"rendered":"https:\/\/efamakina.com.tr\/urun\/4664849-kit-piston-ring-1-0-mm-oversize\/"},"modified":"2025-07-10T18:11:12","modified_gmt":"2025-07-10T18:11:12","slug":"4664849-kit-piston-ring-1-0-mm-oversize","status":"publish","type":"product","link":"https:\/\/efamakina.com.tr\/az\/urun\/4664849-kit-piston-ring-1-0-mm-oversize\/","title":{"rendered":"4664849 Kit-Piston Ring (+1.0 mm Oversize)"},"content":{"rendered":"<p>Caterpillar, Cat, 4664849, 466-4849, 5753353, 575-3353, Kit-Piston Ring (+1.0 mm Oversize), Engine, Motor, M\u00fch\u0259rrik, Yedek, Par\u00e7a, Par\u00e7alar\u0131 Ehtiyat, Hiss\u0259l\u0259ri, Hiss\u0259, Hisse, Hisseleri, \u00fcz\u00fck, Kolsa, Sekman, Kit, Kiti, Set, Seti, Tak\u0131m, Tak\u0131m\u0131, d\u0259st, d\u0259sti, dest, desti,<\/p>\n","protected":false},"excerpt":{"rendered":"<p>Caterpillar, Cat, 4664849, 466-4849, 5753353, 575-3353, Kit-Piston Ring (+1.0 mm Oversize)<\/p>\n","protected":false},"featured_media":13057,"comment_status":"open","ping_status":"closed","template":"","meta":{"_acf_changed":false},"product_brand":[],"product_cat":[15,539],"product_tag":[],"urun-tipi":[393],"class_list":{"0":"post-16158","1":"product","2":"type-product","3":"status-publish","4":"has-post-thumbnail","6":"product_cat-engine-and-related-systems","7":"product_cat-piston-rod-liner-az","8":"urun-tipi-caterpillar-cat","10":"first","11":"instock","12":"taxable","13":"shipping-taxable","14":"purchasable","15":"product-type-simple"},"acf":[],"_links":{"self":[{"href":"https:\/\/efamakina.com.tr\/az\/wp-json\/wp\/v2\/product\/16158","targetHints":{"allow":["GET"]}}],"collection":[{"href":"https:\/\/efamakina.com.tr\/az\/wp-json\/wp\/v2\/product"}],"about":[{"href":"https:\/\/efamakina.com.tr\/az\/wp-json\/wp\/v2\/types\/product"}],"replies":[{"embeddable":true,"href":"https:\/\/efamakina.com.tr\/az\/wp-json\/wp\/v2\/comments?post=16158"}],"wp:featuredmedia":[{"embeddable":true,"href":"https:\/\/efamakina.com.tr\/az\/wp-json\/wp\/v2\/media\/13057"}],"wp:attachment":[{"href":"https:\/\/efamakina.com.tr\/az\/wp-json\/wp\/v2\/media?parent=16158"}],"wp:term":[{"taxonomy":"product_brand","embeddable":true,"href":"https:\/\/efamakina.com.tr\/az\/wp-json\/wp\/v2\/product_brand?post=16158"},{"taxonomy":"product_cat","embeddable":true,"href":"https:\/\/efamakina.com.tr\/az\/wp-json\/wp\/v2\/product_cat?post=16158"},{"taxonomy":"product_tag","embeddable":true,"href":"https:\/\/efamakina.com.tr\/az\/wp-json\/wp\/v2\/product_tag?post=16158"},{"taxonomy":"urun-tipi","embeddable":true,"href":"https:\/\/efamakina.com.tr\/az\/wp-json\/wp\/v2\/urun-tipi?post=16158"}],"curies":[{"name":"wp","href":"https:\/\/api.w.org\/{rel}","templated":true}]}}