{"id":16140,"date":"2025-07-10T17:53:58","date_gmt":"2025-07-10T17:53:58","guid":{"rendered":"https:\/\/efamakina.com.tr\/urun\/5753357-kit-piston-standard\/"},"modified":"2025-07-10T17:54:23","modified_gmt":"2025-07-10T17:54:23","slug":"5753357-kit-piston-standard","status":"publish","type":"product","link":"https:\/\/efamakina.com.tr\/az\/urun\/5753357-kit-piston-standard\/","title":{"rendered":"5753357 Kit-Piston (Standard)"},"content":{"rendered":"<p>Caterpillar, Cat, 5753357, 575-3357, 4475252, 447-5252, 4209223, 420-9223, 5042904, 504-2904, Kit-Piston (Standard), Engine, Motor, M\u00fch\u0259rrik, Yedek, Par\u00e7a, Par\u00e7alar\u0131 Ehtiyat, Hiss\u0259l\u0259ri, Hiss\u0259, Hisse, Hisseleri, Por\u015fen, Piston,<\/p>\n","protected":false},"excerpt":{"rendered":"<p>Caterpillar, Cat, 5753357, 575-3357, 4475252, 447-5252, 4209223, 420-9223, 5042904, 504-2904, Kit-Piston (Standard)<\/p>\n","protected":false},"featured_media":13057,"comment_status":"open","ping_status":"closed","template":"","meta":{"_acf_changed":false},"product_brand":[],"product_cat":[15,539],"product_tag":[],"urun-tipi":[393],"class_list":{"0":"post-16140","1":"product","2":"type-product","3":"status-publish","4":"has-post-thumbnail","6":"product_cat-engine-and-related-systems","7":"product_cat-piston-rod-liner-az","8":"urun-tipi-caterpillar-cat","10":"first","11":"instock","12":"taxable","13":"shipping-taxable","14":"purchasable","15":"product-type-simple"},"acf":[],"_links":{"self":[{"href":"https:\/\/efamakina.com.tr\/az\/wp-json\/wp\/v2\/product\/16140","targetHints":{"allow":["GET"]}}],"collection":[{"href":"https:\/\/efamakina.com.tr\/az\/wp-json\/wp\/v2\/product"}],"about":[{"href":"https:\/\/efamakina.com.tr\/az\/wp-json\/wp\/v2\/types\/product"}],"replies":[{"embeddable":true,"href":"https:\/\/efamakina.com.tr\/az\/wp-json\/wp\/v2\/comments?post=16140"}],"wp:featuredmedia":[{"embeddable":true,"href":"https:\/\/efamakina.com.tr\/az\/wp-json\/wp\/v2\/media\/13057"}],"wp:attachment":[{"href":"https:\/\/efamakina.com.tr\/az\/wp-json\/wp\/v2\/media?parent=16140"}],"wp:term":[{"taxonomy":"product_brand","embeddable":true,"href":"https:\/\/efamakina.com.tr\/az\/wp-json\/wp\/v2\/product_brand?post=16140"},{"taxonomy":"product_cat","embeddable":true,"href":"https:\/\/efamakina.com.tr\/az\/wp-json\/wp\/v2\/product_cat?post=16140"},{"taxonomy":"product_tag","embeddable":true,"href":"https:\/\/efamakina.com.tr\/az\/wp-json\/wp\/v2\/product_tag?post=16140"},{"taxonomy":"urun-tipi","embeddable":true,"href":"https:\/\/efamakina.com.tr\/az\/wp-json\/wp\/v2\/urun-tipi?post=16140"}],"curies":[{"name":"wp","href":"https:\/\/api.w.org\/{rel}","templated":true}]}}