{"id":15974,"date":"2025-07-08T11:53:03","date_gmt":"2025-07-08T11:53:03","guid":{"rendered":"https:\/\/efamakina.com.tr\/?post_type=product&#038;p=15974"},"modified":"2025-07-08T11:53:03","modified_gmt":"2025-07-08T11:53:03","slug":"6i1210-crown-as-piston","status":"publish","type":"product","link":"https:\/\/efamakina.com.tr\/az\/urun\/6i1210-crown-as-piston\/","title":{"rendered":"6I1210 Crown AS-Piston"},"content":{"rendered":"<p>Caterpillar, Cat, 6I1210, 6I-1210, 7E3226, 7E-3226, Crown AS-Piston, Engine, Motor, M\u00fch\u0259rrik, Yedek, Par\u00e7a, Par\u00e7alar\u0131 Ehtiyat, Hiss\u0259l\u0259ri, Hiss\u0259, Hisse, Hisseleri, Por\u015fen, Piston,<\/p>\n","protected":false},"excerpt":{"rendered":"<p>Caterpillar, Cat, 6I1210, 6I-1210, 7E3226, 7E-3226, Crown AS-Piston<\/p>\n","protected":false},"featured_media":13057,"comment_status":"open","ping_status":"closed","template":"","meta":{"_acf_changed":false},"product_brand":[],"product_cat":[15,539],"product_tag":[],"urun-tipi":[393],"class_list":{"0":"post-15974","1":"product","2":"type-product","3":"status-publish","4":"has-post-thumbnail","6":"product_cat-engine-and-related-systems","7":"product_cat-piston-rod-liner-az","8":"urun-tipi-caterpillar-cat","10":"first","11":"instock","12":"taxable","13":"shipping-taxable","14":"purchasable","15":"product-type-simple"},"acf":[],"_links":{"self":[{"href":"https:\/\/efamakina.com.tr\/az\/wp-json\/wp\/v2\/product\/15974","targetHints":{"allow":["GET"]}}],"collection":[{"href":"https:\/\/efamakina.com.tr\/az\/wp-json\/wp\/v2\/product"}],"about":[{"href":"https:\/\/efamakina.com.tr\/az\/wp-json\/wp\/v2\/types\/product"}],"replies":[{"embeddable":true,"href":"https:\/\/efamakina.com.tr\/az\/wp-json\/wp\/v2\/comments?post=15974"}],"wp:featuredmedia":[{"embeddable":true,"href":"https:\/\/efamakina.com.tr\/az\/wp-json\/wp\/v2\/media\/13057"}],"wp:attachment":[{"href":"https:\/\/efamakina.com.tr\/az\/wp-json\/wp\/v2\/media?parent=15974"}],"wp:term":[{"taxonomy":"product_brand","embeddable":true,"href":"https:\/\/efamakina.com.tr\/az\/wp-json\/wp\/v2\/product_brand?post=15974"},{"taxonomy":"product_cat","embeddable":true,"href":"https:\/\/efamakina.com.tr\/az\/wp-json\/wp\/v2\/product_cat?post=15974"},{"taxonomy":"product_tag","embeddable":true,"href":"https:\/\/efamakina.com.tr\/az\/wp-json\/wp\/v2\/product_tag?post=15974"},{"taxonomy":"urun-tipi","embeddable":true,"href":"https:\/\/efamakina.com.tr\/az\/wp-json\/wp\/v2\/urun-tipi?post=15974"}],"curies":[{"name":"wp","href":"https:\/\/api.w.org\/{rel}","templated":true}]}}