{"id":15862,"date":"2025-07-08T05:20:10","date_gmt":"2025-07-08T05:20:10","guid":{"rendered":"https:\/\/efamakina.com.tr\/urun\/2w0027-bearing-rod-connecting\/"},"modified":"2025-07-08T05:20:40","modified_gmt":"2025-07-08T05:20:40","slug":"2w0027-bearing-rod-connecting","status":"publish","type":"product","link":"https:\/\/efamakina.com.tr\/az\/urun\/2w0027-bearing-rod-connecting\/","title":{"rendered":"2W0027 Bearing-Rod Connecting"},"content":{"rendered":"<p>Caterpillar, Cat, 2W0027, 2W-0027, 7C7412, 7C-7412,  Bearing-Rod Connecting , Engine, Motor, M\u00fch\u0259rrik, Yedek, Par\u00e7a, Par\u00e7alar\u0131 Ehtiyat, Hiss\u0259l\u0259ri, Hiss\u0259, Hisse, Hisseleri, \u015eatun Ftulkas\u0131, Ftulka, Kol, Burcu,<\/p>\n","protected":false},"excerpt":{"rendered":"<p>Caterpillar, Cat, 2W0027, 2W-0027, 7C7412, 7C-7412,  Bearing-Rod Connecting <\/p>\n","protected":false},"featured_media":13057,"comment_status":"open","ping_status":"closed","template":"","meta":{"_acf_changed":false},"product_brand":[],"product_cat":[539,15],"product_tag":[],"urun-tipi":[393],"class_list":{"0":"post-15862","1":"product","2":"type-product","3":"status-publish","4":"has-post-thumbnail","6":"product_cat-piston-rod-liner-az","7":"product_cat-engine-and-related-systems","8":"urun-tipi-caterpillar-cat","10":"first","11":"instock","12":"taxable","13":"shipping-taxable","14":"purchasable","15":"product-type-simple"},"acf":[],"_links":{"self":[{"href":"https:\/\/efamakina.com.tr\/az\/wp-json\/wp\/v2\/product\/15862","targetHints":{"allow":["GET"]}}],"collection":[{"href":"https:\/\/efamakina.com.tr\/az\/wp-json\/wp\/v2\/product"}],"about":[{"href":"https:\/\/efamakina.com.tr\/az\/wp-json\/wp\/v2\/types\/product"}],"replies":[{"embeddable":true,"href":"https:\/\/efamakina.com.tr\/az\/wp-json\/wp\/v2\/comments?post=15862"}],"wp:featuredmedia":[{"embeddable":true,"href":"https:\/\/efamakina.com.tr\/az\/wp-json\/wp\/v2\/media\/13057"}],"wp:attachment":[{"href":"https:\/\/efamakina.com.tr\/az\/wp-json\/wp\/v2\/media?parent=15862"}],"wp:term":[{"taxonomy":"product_brand","embeddable":true,"href":"https:\/\/efamakina.com.tr\/az\/wp-json\/wp\/v2\/product_brand?post=15862"},{"taxonomy":"product_cat","embeddable":true,"href":"https:\/\/efamakina.com.tr\/az\/wp-json\/wp\/v2\/product_cat?post=15862"},{"taxonomy":"product_tag","embeddable":true,"href":"https:\/\/efamakina.com.tr\/az\/wp-json\/wp\/v2\/product_tag?post=15862"},{"taxonomy":"urun-tipi","embeddable":true,"href":"https:\/\/efamakina.com.tr\/az\/wp-json\/wp\/v2\/urun-tipi?post=15862"}],"curies":[{"name":"wp","href":"https:\/\/api.w.org\/{rel}","templated":true}]}}