{"id":15824,"date":"2025-07-06T06:47:45","date_gmt":"2025-07-06T06:47:45","guid":{"rendered":"https:\/\/efamakina.com.tr\/?post_type=product&#038;p=15824"},"modified":"2025-07-06T06:47:46","modified_gmt":"2025-07-06T06:47:46","slug":"4478572-pump-gp-engine-oil","status":"publish","type":"product","link":"https:\/\/efamakina.com.tr\/az\/urun\/4478572-pump-gp-engine-oil\/","title":{"rendered":"4478572 Pump GP-Engine Oil"},"content":{"rendered":"<p>Caterpillar, Cat, 4478572, 447-8572, 4478574, 447-8574, 2310141, 231-0141, Pump GP-Engine Oil, Engine, Motor, M\u00fch\u0259rrik, Parts, Yedek, Par\u00e7a, Par\u00e7alar\u0131,  Ehtiyat, Hiss\u0259l\u0259ri, Hiss\u0259, Hisse,  Hisseleri, Oil, Pump, Ya\u011f, Pompa, Pompas\u0131, Nasos, Nasosu,<\/p>\n","protected":false},"excerpt":{"rendered":"<p>Caterpillar, Cat, 4478572, 447-8572, 4478574, 447-8574, 2310141, 231-0141, Pump GP-Engine Oil<\/p>\n","protected":false},"featured_media":13057,"comment_status":"open","ping_status":"closed","template":"","meta":{"_acf_changed":false},"product_brand":[],"product_cat":[15,541],"product_tag":[],"urun-tipi":[393],"class_list":{"0":"post-15824","1":"product","2":"type-product","3":"status-publish","4":"has-post-thumbnail","6":"product_cat-engine-and-related-systems","7":"product_cat-engine-oil-pumps-az","8":"urun-tipi-caterpillar-cat","10":"first","11":"instock","12":"taxable","13":"shipping-taxable","14":"purchasable","15":"product-type-simple"},"acf":[],"_links":{"self":[{"href":"https:\/\/efamakina.com.tr\/az\/wp-json\/wp\/v2\/product\/15824","targetHints":{"allow":["GET"]}}],"collection":[{"href":"https:\/\/efamakina.com.tr\/az\/wp-json\/wp\/v2\/product"}],"about":[{"href":"https:\/\/efamakina.com.tr\/az\/wp-json\/wp\/v2\/types\/product"}],"replies":[{"embeddable":true,"href":"https:\/\/efamakina.com.tr\/az\/wp-json\/wp\/v2\/comments?post=15824"}],"wp:featuredmedia":[{"embeddable":true,"href":"https:\/\/efamakina.com.tr\/az\/wp-json\/wp\/v2\/media\/13057"}],"wp:attachment":[{"href":"https:\/\/efamakina.com.tr\/az\/wp-json\/wp\/v2\/media?parent=15824"}],"wp:term":[{"taxonomy":"product_brand","embeddable":true,"href":"https:\/\/efamakina.com.tr\/az\/wp-json\/wp\/v2\/product_brand?post=15824"},{"taxonomy":"product_cat","embeddable":true,"href":"https:\/\/efamakina.com.tr\/az\/wp-json\/wp\/v2\/product_cat?post=15824"},{"taxonomy":"product_tag","embeddable":true,"href":"https:\/\/efamakina.com.tr\/az\/wp-json\/wp\/v2\/product_tag?post=15824"},{"taxonomy":"urun-tipi","embeddable":true,"href":"https:\/\/efamakina.com.tr\/az\/wp-json\/wp\/v2\/urun-tipi?post=15824"}],"curies":[{"name":"wp","href":"https:\/\/api.w.org\/{rel}","templated":true}]}}