{"id":15805,"date":"2025-07-06T06:29:54","date_gmt":"2025-07-06T06:29:54","guid":{"rendered":"https:\/\/efamakina.com.tr\/urun\/4234722-pump-gp-engine-oil\/"},"modified":"2025-07-06T06:31:27","modified_gmt":"2025-07-06T06:31:27","slug":"4234722-pump-gp-engine-oil","status":"publish","type":"product","link":"https:\/\/efamakina.com.tr\/az\/urun\/4234722-pump-gp-engine-oil\/","title":{"rendered":"4234722 Pump GP-Engine Oil"},"content":{"rendered":"<p>Caterpillar, Cat, 4234722, 423-4722, 2939798, 293-9798, 2939797, 293-9797, Pump GP-Engine Oil, Engine, Motor, M\u00fch\u0259rrik, Parts, Yedek, Par\u00e7a, Par\u00e7alar\u0131,  Ehtiyat, Hiss\u0259l\u0259ri, Hiss\u0259, Hisse,  Hisseleri, Oil, Pump, Ya\u011f, Pompa, Pompas\u0131, Nasos, Nasosu,<\/p>\n","protected":false},"excerpt":{"rendered":"<p>Caterpillar, Cat, 4234722, 423-4722, 2939798, 293-9798, 2939797, 293-9797, Pump GP-Engine Oil<\/p>\n","protected":false},"featured_media":18611,"comment_status":"open","ping_status":"closed","template":"","meta":{"_acf_changed":false},"product_brand":[],"product_cat":[541,15],"product_tag":[],"urun-tipi":[393],"class_list":{"0":"post-15805","1":"product","2":"type-product","3":"status-publish","4":"has-post-thumbnail","6":"product_cat-engine-oil-pumps-az","7":"product_cat-engine-and-related-systems","8":"urun-tipi-caterpillar-cat","10":"first","11":"onbackorder","12":"taxable","13":"shipping-taxable","14":"purchasable","15":"product-type-simple"},"acf":[],"_links":{"self":[{"href":"https:\/\/efamakina.com.tr\/az\/wp-json\/wp\/v2\/product\/15805","targetHints":{"allow":["GET"]}}],"collection":[{"href":"https:\/\/efamakina.com.tr\/az\/wp-json\/wp\/v2\/product"}],"about":[{"href":"https:\/\/efamakina.com.tr\/az\/wp-json\/wp\/v2\/types\/product"}],"replies":[{"embeddable":true,"href":"https:\/\/efamakina.com.tr\/az\/wp-json\/wp\/v2\/comments?post=15805"}],"wp:featuredmedia":[{"embeddable":true,"href":"https:\/\/efamakina.com.tr\/az\/wp-json\/wp\/v2\/media\/18611"}],"wp:attachment":[{"href":"https:\/\/efamakina.com.tr\/az\/wp-json\/wp\/v2\/media?parent=15805"}],"wp:term":[{"taxonomy":"product_brand","embeddable":true,"href":"https:\/\/efamakina.com.tr\/az\/wp-json\/wp\/v2\/product_brand?post=15805"},{"taxonomy":"product_cat","embeddable":true,"href":"https:\/\/efamakina.com.tr\/az\/wp-json\/wp\/v2\/product_cat?post=15805"},{"taxonomy":"product_tag","embeddable":true,"href":"https:\/\/efamakina.com.tr\/az\/wp-json\/wp\/v2\/product_tag?post=15805"},{"taxonomy":"urun-tipi","embeddable":true,"href":"https:\/\/efamakina.com.tr\/az\/wp-json\/wp\/v2\/urun-tipi?post=15805"}],"curies":[{"name":"wp","href":"https:\/\/api.w.org\/{rel}","templated":true}]}}