{"id":15774,"date":"2025-07-02T04:18:21","date_gmt":"2025-07-02T04:18:21","guid":{"rendered":"https:\/\/efamakina.com.tr\/?post_type=product&#038;p=15774"},"modified":"2025-07-03T08:08:43","modified_gmt":"2025-07-03T08:08:43","slug":"4674243-spring-guide","status":"publish","type":"product","link":"https:\/\/efamakina.com.tr\/az\/urun\/4674243-spring-guide\/","title":{"rendered":"4674243 Spring-Guide"},"content":{"rendered":"<p>Caterpillar, Cat, 4674243, 467-4243, 3045260, 304-5260, 2161598, 216-1598, 9N0141, 9N-0141, 3844171, 384-4171,  Spring-Guide Parts, Engine, Yedek, Motor, Par\u00e7a, Par\u00e7alar\u0131, M\u00fch\u0259rrik, Ehtiyat, Hiss\u0259l\u0259ri, Hisse, Hisseleri, Fincan, \u015eaft\u0131, Klapan, qald\u0131r\u0131c\u0131, val, val\u0131, Shaft,<\/p>\n","protected":false},"excerpt":{"rendered":"<p>Caterpillar, Cat, 4674243, 467-4243, 3045260, 304-5260, 2161598, 216-1598, 9N0141, 9N-0141, 3844171, 384-4171,  Spring-Guide<\/p>\n","protected":false},"featured_media":15778,"comment_status":"open","ping_status":"closed","template":"","meta":{"_acf_changed":false},"product_brand":[],"product_cat":[525,15],"product_tag":[],"urun-tipi":[393],"class_list":{"0":"post-15774","1":"product","2":"type-product","3":"status-publish","4":"has-post-thumbnail","6":"product_cat-camshafts","7":"product_cat-engine-and-related-systems","8":"urun-tipi-caterpillar-cat","10":"first","11":"instock","12":"taxable","13":"shipping-taxable","14":"purchasable","15":"product-type-simple"},"acf":[],"_links":{"self":[{"href":"https:\/\/efamakina.com.tr\/az\/wp-json\/wp\/v2\/product\/15774","targetHints":{"allow":["GET"]}}],"collection":[{"href":"https:\/\/efamakina.com.tr\/az\/wp-json\/wp\/v2\/product"}],"about":[{"href":"https:\/\/efamakina.com.tr\/az\/wp-json\/wp\/v2\/types\/product"}],"replies":[{"embeddable":true,"href":"https:\/\/efamakina.com.tr\/az\/wp-json\/wp\/v2\/comments?post=15774"}],"wp:featuredmedia":[{"embeddable":true,"href":"https:\/\/efamakina.com.tr\/az\/wp-json\/wp\/v2\/media\/15778"}],"wp:attachment":[{"href":"https:\/\/efamakina.com.tr\/az\/wp-json\/wp\/v2\/media?parent=15774"}],"wp:term":[{"taxonomy":"product_brand","embeddable":true,"href":"https:\/\/efamakina.com.tr\/az\/wp-json\/wp\/v2\/product_brand?post=15774"},{"taxonomy":"product_cat","embeddable":true,"href":"https:\/\/efamakina.com.tr\/az\/wp-json\/wp\/v2\/product_cat?post=15774"},{"taxonomy":"product_tag","embeddable":true,"href":"https:\/\/efamakina.com.tr\/az\/wp-json\/wp\/v2\/product_tag?post=15774"},{"taxonomy":"urun-tipi","embeddable":true,"href":"https:\/\/efamakina.com.tr\/az\/wp-json\/wp\/v2\/urun-tipi?post=15774"}],"curies":[{"name":"wp","href":"https:\/\/api.w.org\/{rel}","templated":true}]}}