{"id":15767,"date":"2025-07-02T04:13:49","date_gmt":"2025-07-02T04:13:49","guid":{"rendered":"https:\/\/efamakina.com.tr\/urun\/2459129-shaft-as-lifter\/"},"modified":"2025-07-02T04:14:11","modified_gmt":"2025-07-02T04:14:11","slug":"2459129-shaft-as-lifter","status":"publish","type":"product","link":"https:\/\/efamakina.com.tr\/az\/urun\/2459129-shaft-as-lifter\/","title":{"rendered":"2459129 Shaft AS-Lifter"},"content":{"rendered":"<p>Caterpillar, Cat, 2459129, 245-9129, 1159391, 115-9391, Shaft AS-Lifter Parts, Engine, Yedek, Motor, Par\u00e7a, Par\u00e7alar\u0131, M\u00fch\u0259rrik, Ehtiyat, Hiss\u0259l\u0259ri, Hisse, Hisseleri, Fincan, \u015eaft\u0131, Klapan, qald\u0131r\u0131c\u0131, val, val\u0131, Shaft,<\/p>\n","protected":false},"excerpt":{"rendered":"<p>Caterpillar, Cat, 2459129, 245-9129, 1159391, 115-9391, Shaft AS-Lifter<\/p>\n","protected":false},"featured_media":15787,"comment_status":"open","ping_status":"closed","template":"","meta":{"_acf_changed":false},"product_brand":[],"product_cat":[15,525],"product_tag":[],"urun-tipi":[393],"class_list":{"0":"post-15767","1":"product","2":"type-product","3":"status-publish","4":"has-post-thumbnail","6":"product_cat-engine-and-related-systems","7":"product_cat-camshafts","8":"urun-tipi-caterpillar-cat","10":"first","11":"instock","12":"taxable","13":"shipping-taxable","14":"purchasable","15":"product-type-simple"},"acf":[],"_links":{"self":[{"href":"https:\/\/efamakina.com.tr\/az\/wp-json\/wp\/v2\/product\/15767","targetHints":{"allow":["GET"]}}],"collection":[{"href":"https:\/\/efamakina.com.tr\/az\/wp-json\/wp\/v2\/product"}],"about":[{"href":"https:\/\/efamakina.com.tr\/az\/wp-json\/wp\/v2\/types\/product"}],"replies":[{"embeddable":true,"href":"https:\/\/efamakina.com.tr\/az\/wp-json\/wp\/v2\/comments?post=15767"}],"wp:featuredmedia":[{"embeddable":true,"href":"https:\/\/efamakina.com.tr\/az\/wp-json\/wp\/v2\/media\/15787"}],"wp:attachment":[{"href":"https:\/\/efamakina.com.tr\/az\/wp-json\/wp\/v2\/media?parent=15767"}],"wp:term":[{"taxonomy":"product_brand","embeddable":true,"href":"https:\/\/efamakina.com.tr\/az\/wp-json\/wp\/v2\/product_brand?post=15767"},{"taxonomy":"product_cat","embeddable":true,"href":"https:\/\/efamakina.com.tr\/az\/wp-json\/wp\/v2\/product_cat?post=15767"},{"taxonomy":"product_tag","embeddable":true,"href":"https:\/\/efamakina.com.tr\/az\/wp-json\/wp\/v2\/product_tag?post=15767"},{"taxonomy":"urun-tipi","embeddable":true,"href":"https:\/\/efamakina.com.tr\/az\/wp-json\/wp\/v2\/urun-tipi?post=15767"}],"curies":[{"name":"wp","href":"https:\/\/api.w.org\/{rel}","templated":true}]}}