{"id":15762,"date":"2025-07-02T04:12:18","date_gmt":"2025-07-02T04:12:18","guid":{"rendered":"https:\/\/efamakina.com.tr\/?post_type=product&#038;p=15762"},"modified":"2025-07-02T04:12:19","modified_gmt":"2025-07-02T04:12:19","slug":"1013257-shaft-as-lifter","status":"publish","type":"product","link":"https:\/\/efamakina.com.tr\/az\/urun\/1013257-shaft-as-lifter\/","title":{"rendered":"1013257 Shaft AS-Lifter"},"content":{"rendered":"<p>Caterpillar, Cat, 1013257, 101-3257, Shaft AS-Lifter Parts, Engine, Yedek, Motor, Par\u00e7a, Par\u00e7alar\u0131, M\u00fch\u0259rrik, Ehtiyat, Hiss\u0259l\u0259ri, Hisse, Hisseleri, Fincan, \u015eaft\u0131, Klapan, qald\u0131r\u0131c\u0131, val, val\u0131, Shaft,<\/p>\n","protected":false},"excerpt":{"rendered":"<p>Caterpillar, Cat, 1013257, 101-3257, Shaft AS-Lifter<\/p>\n","protected":false},"featured_media":13057,"comment_status":"open","ping_status":"closed","template":"","meta":{"_acf_changed":false},"product_brand":[],"product_cat":[525,15],"product_tag":[],"urun-tipi":[393],"class_list":{"0":"post-15762","1":"product","2":"type-product","3":"status-publish","4":"has-post-thumbnail","6":"product_cat-camshafts","7":"product_cat-engine-and-related-systems","8":"urun-tipi-caterpillar-cat","10":"first","11":"instock","12":"taxable","13":"shipping-taxable","14":"purchasable","15":"product-type-simple"},"acf":[],"_links":{"self":[{"href":"https:\/\/efamakina.com.tr\/az\/wp-json\/wp\/v2\/product\/15762","targetHints":{"allow":["GET"]}}],"collection":[{"href":"https:\/\/efamakina.com.tr\/az\/wp-json\/wp\/v2\/product"}],"about":[{"href":"https:\/\/efamakina.com.tr\/az\/wp-json\/wp\/v2\/types\/product"}],"replies":[{"embeddable":true,"href":"https:\/\/efamakina.com.tr\/az\/wp-json\/wp\/v2\/comments?post=15762"}],"wp:featuredmedia":[{"embeddable":true,"href":"https:\/\/efamakina.com.tr\/az\/wp-json\/wp\/v2\/media\/13057"}],"wp:attachment":[{"href":"https:\/\/efamakina.com.tr\/az\/wp-json\/wp\/v2\/media?parent=15762"}],"wp:term":[{"taxonomy":"product_brand","embeddable":true,"href":"https:\/\/efamakina.com.tr\/az\/wp-json\/wp\/v2\/product_brand?post=15762"},{"taxonomy":"product_cat","embeddable":true,"href":"https:\/\/efamakina.com.tr\/az\/wp-json\/wp\/v2\/product_cat?post=15762"},{"taxonomy":"product_tag","embeddable":true,"href":"https:\/\/efamakina.com.tr\/az\/wp-json\/wp\/v2\/product_tag?post=15762"},{"taxonomy":"urun-tipi","embeddable":true,"href":"https:\/\/efamakina.com.tr\/az\/wp-json\/wp\/v2\/urun-tipi?post=15762"}],"curies":[{"name":"wp","href":"https:\/\/api.w.org\/{rel}","templated":true}]}}