{"id":15749,"date":"2025-07-02T04:04:16","date_gmt":"2025-07-02T04:04:16","guid":{"rendered":"https:\/\/efamakina.com.tr\/urun\/6i1241-rod-as-valve-push\/"},"modified":"2025-07-02T04:04:54","modified_gmt":"2025-07-02T04:04:54","slug":"6i1241-rod-as-valve-push","status":"publish","type":"product","link":"https:\/\/efamakina.com.tr\/az\/urun\/6i1241-rod-as-valve-push\/","title":{"rendered":"6I1241 Rod As-Valve Push"},"content":{"rendered":"<p>Caterpillar, Cat, 6I1241, 6I-1241, 7E4199, 7E-4199, 7W2683, 7W-2683, 4P4324, 4P-4324, Rod As-Valve Push Parts, Engine, Yedek, Motor, Par\u00e7a, Par\u00e7alar\u0131, M\u00fch\u0259rrik, Ehtiyat, Hiss\u0259l\u0259ri, Hisse, Hisseleri, \u0130tici, \u00c7ubuk, Papaql\u0131, \u00c7ubuq, Pushrod, Valf, \u0130tece\u011fi,<\/p>\n","protected":false},"excerpt":{"rendered":"<p>Caterpillar, Cat, 6I1241, 6I-1241, 7E4199, 7E-4199, 7W2683, 7W-2683, 4P4324, 4P-4324, Rod As-Valve Push<\/p>\n","protected":false},"featured_media":15800,"comment_status":"open","ping_status":"closed","template":"","meta":{"_acf_changed":false},"product_brand":[],"product_cat":[525,15],"product_tag":[],"urun-tipi":[393],"class_list":{"0":"post-15749","1":"product","2":"type-product","3":"status-publish","4":"has-post-thumbnail","6":"product_cat-camshafts","7":"product_cat-engine-and-related-systems","8":"urun-tipi-caterpillar-cat","10":"first","11":"instock","12":"taxable","13":"shipping-taxable","14":"purchasable","15":"product-type-simple"},"acf":[],"_links":{"self":[{"href":"https:\/\/efamakina.com.tr\/az\/wp-json\/wp\/v2\/product\/15749","targetHints":{"allow":["GET"]}}],"collection":[{"href":"https:\/\/efamakina.com.tr\/az\/wp-json\/wp\/v2\/product"}],"about":[{"href":"https:\/\/efamakina.com.tr\/az\/wp-json\/wp\/v2\/types\/product"}],"replies":[{"embeddable":true,"href":"https:\/\/efamakina.com.tr\/az\/wp-json\/wp\/v2\/comments?post=15749"}],"wp:featuredmedia":[{"embeddable":true,"href":"https:\/\/efamakina.com.tr\/az\/wp-json\/wp\/v2\/media\/15800"}],"wp:attachment":[{"href":"https:\/\/efamakina.com.tr\/az\/wp-json\/wp\/v2\/media?parent=15749"}],"wp:term":[{"taxonomy":"product_brand","embeddable":true,"href":"https:\/\/efamakina.com.tr\/az\/wp-json\/wp\/v2\/product_brand?post=15749"},{"taxonomy":"product_cat","embeddable":true,"href":"https:\/\/efamakina.com.tr\/az\/wp-json\/wp\/v2\/product_cat?post=15749"},{"taxonomy":"product_tag","embeddable":true,"href":"https:\/\/efamakina.com.tr\/az\/wp-json\/wp\/v2\/product_tag?post=15749"},{"taxonomy":"urun-tipi","embeddable":true,"href":"https:\/\/efamakina.com.tr\/az\/wp-json\/wp\/v2\/urun-tipi?post=15749"}],"curies":[{"name":"wp","href":"https:\/\/api.w.org\/{rel}","templated":true}]}}