{"id":15725,"date":"2025-07-02T03:52:30","date_gmt":"2025-07-02T03:52:30","guid":{"rendered":"https:\/\/efamakina.com.tr\/?post_type=product&#038;p=15725"},"modified":"2025-07-02T03:52:30","modified_gmt":"2025-07-02T03:52:30","slug":"4p8577-rod-as-injector","status":"publish","type":"product","link":"https:\/\/efamakina.com.tr\/az\/urun\/4p8577-rod-as-injector\/","title":{"rendered":"4P8577 Rod AS-Injector"},"content":{"rendered":"<p>Caterpillar, Cat, 4P8577, 4P-8577, 9Y8205, 9Y-8205, 7E7309, 7E-7309, 7W2682, 7W-2682, 7C9526, 7C-9526, 9Y2972, 9Y-4972,  Rod AS-Injector Parts, Engine, Yedek, Motor, Par\u00e7a, Par\u00e7alar\u0131, M\u00fch\u0259rrik, Ehtiyat, Hiss\u0259l\u0259ri, Hisse, Hisseleri, \u0130tici, \u00c7ubuk, Papaql\u0131, \u00c7ubuq, Pushrod, Valf, \u0130tece\u011fi,<\/p>\n","protected":false},"excerpt":{"rendered":"<p>Caterpillar, Cat, 4P8577, 4P-8577, 9Y8205, 9Y-8205, 7E7309, 7E-7309, 7W2682, 7W-2682, 7C9526, 7C-9526, 9Y2972, 9Y-4972,  Rod AS-Injector<\/p>\n","protected":false},"featured_media":13057,"comment_status":"open","ping_status":"closed","template":"","meta":{"_acf_changed":false},"product_brand":[],"product_cat":[15,525],"product_tag":[],"urun-tipi":[393],"class_list":{"0":"post-15725","1":"product","2":"type-product","3":"status-publish","4":"has-post-thumbnail","6":"product_cat-engine-and-related-systems","7":"product_cat-camshafts","8":"urun-tipi-caterpillar-cat","10":"first","11":"instock","12":"taxable","13":"shipping-taxable","14":"purchasable","15":"product-type-simple"},"acf":[],"_links":{"self":[{"href":"https:\/\/efamakina.com.tr\/az\/wp-json\/wp\/v2\/product\/15725","targetHints":{"allow":["GET"]}}],"collection":[{"href":"https:\/\/efamakina.com.tr\/az\/wp-json\/wp\/v2\/product"}],"about":[{"href":"https:\/\/efamakina.com.tr\/az\/wp-json\/wp\/v2\/types\/product"}],"replies":[{"embeddable":true,"href":"https:\/\/efamakina.com.tr\/az\/wp-json\/wp\/v2\/comments?post=15725"}],"wp:featuredmedia":[{"embeddable":true,"href":"https:\/\/efamakina.com.tr\/az\/wp-json\/wp\/v2\/media\/13057"}],"wp:attachment":[{"href":"https:\/\/efamakina.com.tr\/az\/wp-json\/wp\/v2\/media?parent=15725"}],"wp:term":[{"taxonomy":"product_brand","embeddable":true,"href":"https:\/\/efamakina.com.tr\/az\/wp-json\/wp\/v2\/product_brand?post=15725"},{"taxonomy":"product_cat","embeddable":true,"href":"https:\/\/efamakina.com.tr\/az\/wp-json\/wp\/v2\/product_cat?post=15725"},{"taxonomy":"product_tag","embeddable":true,"href":"https:\/\/efamakina.com.tr\/az\/wp-json\/wp\/v2\/product_tag?post=15725"},{"taxonomy":"urun-tipi","embeddable":true,"href":"https:\/\/efamakina.com.tr\/az\/wp-json\/wp\/v2\/urun-tipi?post=15725"}],"curies":[{"name":"wp","href":"https:\/\/api.w.org\/{rel}","templated":true}]}}