{"id":15712,"date":"2025-07-02T03:43:51","date_gmt":"2025-07-02T03:43:51","guid":{"rendered":"https:\/\/efamakina.com.tr\/urun\/1468147-arm-as-lifter\/"},"modified":"2025-07-02T03:44:16","modified_gmt":"2025-07-02T03:44:16","slug":"1468147-arm-as-lifter","status":"publish","type":"product","link":"https:\/\/efamakina.com.tr\/az\/urun\/1468147-arm-as-lifter\/","title":{"rendered":"1468147 Arm AS-Lifter"},"content":{"rendered":"<p>Caterpillar, Cat, 1468147, 146-8147, 7W3989, 7W-3989, Arm AS-Lifter Parts, Engine, Yedek, Motor, Par\u00e7a, Par\u00e7alar\u0131, M\u00fch\u0259rrik, Ehtiyat, Hiss\u0259l\u0259ri, Hisse, Hisseleri, Fincan, \u0130tecek, Klapan, Gald\u0131r\u0131c\u0131, St\u0259kan, Qald\u0131r\u0131c\u0131, Lifter,<\/p>\n","protected":false},"excerpt":{"rendered":"<p>Caterpillar, Cat, 1468147, 146-8147, 7W3989, 7W-3989, Arm AS-Lifter<\/p>\n","protected":false},"featured_media":15789,"comment_status":"open","ping_status":"closed","template":"","meta":{"_acf_changed":false},"product_brand":[],"product_cat":[15,525],"product_tag":[],"urun-tipi":[393],"class_list":{"0":"post-15712","1":"product","2":"type-product","3":"status-publish","4":"has-post-thumbnail","6":"product_cat-engine-and-related-systems","7":"product_cat-camshafts","8":"urun-tipi-caterpillar-cat","10":"first","11":"instock","12":"taxable","13":"shipping-taxable","14":"purchasable","15":"product-type-simple"},"acf":[],"_links":{"self":[{"href":"https:\/\/efamakina.com.tr\/az\/wp-json\/wp\/v2\/product\/15712","targetHints":{"allow":["GET"]}}],"collection":[{"href":"https:\/\/efamakina.com.tr\/az\/wp-json\/wp\/v2\/product"}],"about":[{"href":"https:\/\/efamakina.com.tr\/az\/wp-json\/wp\/v2\/types\/product"}],"replies":[{"embeddable":true,"href":"https:\/\/efamakina.com.tr\/az\/wp-json\/wp\/v2\/comments?post=15712"}],"wp:featuredmedia":[{"embeddable":true,"href":"https:\/\/efamakina.com.tr\/az\/wp-json\/wp\/v2\/media\/15789"}],"wp:attachment":[{"href":"https:\/\/efamakina.com.tr\/az\/wp-json\/wp\/v2\/media?parent=15712"}],"wp:term":[{"taxonomy":"product_brand","embeddable":true,"href":"https:\/\/efamakina.com.tr\/az\/wp-json\/wp\/v2\/product_brand?post=15712"},{"taxonomy":"product_cat","embeddable":true,"href":"https:\/\/efamakina.com.tr\/az\/wp-json\/wp\/v2\/product_cat?post=15712"},{"taxonomy":"product_tag","embeddable":true,"href":"https:\/\/efamakina.com.tr\/az\/wp-json\/wp\/v2\/product_tag?post=15712"},{"taxonomy":"urun-tipi","embeddable":true,"href":"https:\/\/efamakina.com.tr\/az\/wp-json\/wp\/v2\/urun-tipi?post=15712"}],"curies":[{"name":"wp","href":"https:\/\/api.w.org\/{rel}","templated":true}]}}