{"id":15688,"date":"2025-07-02T03:24:28","date_gmt":"2025-07-02T03:24:28","guid":{"rendered":"https:\/\/efamakina.com.tr\/?post_type=product&#038;p=15688"},"modified":"2025-07-02T03:24:29","modified_gmt":"2025-07-02T03:24:29","slug":"4646253-lifter-as-valve","status":"publish","type":"product","link":"https:\/\/efamakina.com.tr\/az\/urun\/4646253-lifter-as-valve\/","title":{"rendered":"4646253 Lifter AS-Valve"},"content":{"rendered":"<p>Caterpillar, Cat, 4646253, 464-6253, 1382053, 138-2053, 0676096, 067-6096, 0676856, 067-6856, Lifter AS-Valve Parts, Engine, Yedek, Motor, Par\u00e7a, Par\u00e7alar\u0131, M\u00fch\u0259rrik, Ehtiyat, Hiss\u0259l\u0259ri, Hisse, Hisseleri, Fincan, \u0130tecek, Klapan, Gald\u0131r\u0131c\u0131, St\u0259kan, Qald\u0131r\u0131c\u0131, Lifter,<\/p>\n","protected":false},"excerpt":{"rendered":"<p>Caterpillar, Cat, 4646253, 464-6253, 1382053, 138-2053, 0676096, 067-6096, 0676856, 067-6856, Lifter AS-Valve<\/p>\n","protected":false},"featured_media":13057,"comment_status":"open","ping_status":"closed","template":"","meta":{"_acf_changed":false},"product_brand":[],"product_cat":[15,525],"product_tag":[],"urun-tipi":[393],"class_list":{"0":"post-15688","1":"product","2":"type-product","3":"status-publish","4":"has-post-thumbnail","6":"product_cat-engine-and-related-systems","7":"product_cat-camshafts","8":"urun-tipi-caterpillar-cat","10":"first","11":"instock","12":"taxable","13":"shipping-taxable","14":"purchasable","15":"product-type-simple"},"acf":[],"_links":{"self":[{"href":"https:\/\/efamakina.com.tr\/az\/wp-json\/wp\/v2\/product\/15688","targetHints":{"allow":["GET"]}}],"collection":[{"href":"https:\/\/efamakina.com.tr\/az\/wp-json\/wp\/v2\/product"}],"about":[{"href":"https:\/\/efamakina.com.tr\/az\/wp-json\/wp\/v2\/types\/product"}],"replies":[{"embeddable":true,"href":"https:\/\/efamakina.com.tr\/az\/wp-json\/wp\/v2\/comments?post=15688"}],"wp:featuredmedia":[{"embeddable":true,"href":"https:\/\/efamakina.com.tr\/az\/wp-json\/wp\/v2\/media\/13057"}],"wp:attachment":[{"href":"https:\/\/efamakina.com.tr\/az\/wp-json\/wp\/v2\/media?parent=15688"}],"wp:term":[{"taxonomy":"product_brand","embeddable":true,"href":"https:\/\/efamakina.com.tr\/az\/wp-json\/wp\/v2\/product_brand?post=15688"},{"taxonomy":"product_cat","embeddable":true,"href":"https:\/\/efamakina.com.tr\/az\/wp-json\/wp\/v2\/product_cat?post=15688"},{"taxonomy":"product_tag","embeddable":true,"href":"https:\/\/efamakina.com.tr\/az\/wp-json\/wp\/v2\/product_tag?post=15688"},{"taxonomy":"urun-tipi","embeddable":true,"href":"https:\/\/efamakina.com.tr\/az\/wp-json\/wp\/v2\/urun-tipi?post=15688"}],"curies":[{"name":"wp","href":"https:\/\/api.w.org\/{rel}","templated":true}]}}