{"id":15661,"date":"2025-07-01T16:29:55","date_gmt":"2025-07-01T16:29:55","guid":{"rendered":"https:\/\/efamakina.com.tr\/?post_type=product&#038;p=15661"},"modified":"2025-07-01T16:29:55","modified_gmt":"2025-07-01T16:29:55","slug":"3968795-camshaft-gp-2","status":"publish","type":"product","link":"https:\/\/efamakina.com.tr\/az\/urun\/3968795-camshaft-gp-2\/","title":{"rendered":"3968795 Camshaft GP"},"content":{"rendered":"<p>Caterpillar, Cat, 3968795, 396-8795, Camshaft GP Parts, Engine, Yedek, Motor, Par\u00e7a, Par\u00e7alar\u0131, M\u00fch\u0259rrik, Ehtiyat, Hiss\u0259l\u0259ri, Hisse, Hisseleri, Kam, Eksantirik, Camshaft, qaz, paylay\u0131c\u0131, val, val\u0131,<\/p>\n","protected":false},"excerpt":{"rendered":"<p>Caterpillar, Cat, 3968795, 396-8795, Camshaft GP<\/p>\n","protected":false},"featured_media":13057,"comment_status":"open","ping_status":"closed","template":"","meta":{"_acf_changed":false},"product_brand":[],"product_cat":[15,525],"product_tag":[],"urun-tipi":[393],"class_list":{"0":"post-15661","1":"product","2":"type-product","3":"status-publish","4":"has-post-thumbnail","6":"product_cat-engine-and-related-systems","7":"product_cat-camshafts","8":"urun-tipi-caterpillar-cat","10":"first","11":"instock","12":"taxable","13":"shipping-taxable","14":"purchasable","15":"product-type-simple"},"acf":[],"_links":{"self":[{"href":"https:\/\/efamakina.com.tr\/az\/wp-json\/wp\/v2\/product\/15661","targetHints":{"allow":["GET"]}}],"collection":[{"href":"https:\/\/efamakina.com.tr\/az\/wp-json\/wp\/v2\/product"}],"about":[{"href":"https:\/\/efamakina.com.tr\/az\/wp-json\/wp\/v2\/types\/product"}],"replies":[{"embeddable":true,"href":"https:\/\/efamakina.com.tr\/az\/wp-json\/wp\/v2\/comments?post=15661"}],"wp:featuredmedia":[{"embeddable":true,"href":"https:\/\/efamakina.com.tr\/az\/wp-json\/wp\/v2\/media\/13057"}],"wp:attachment":[{"href":"https:\/\/efamakina.com.tr\/az\/wp-json\/wp\/v2\/media?parent=15661"}],"wp:term":[{"taxonomy":"product_brand","embeddable":true,"href":"https:\/\/efamakina.com.tr\/az\/wp-json\/wp\/v2\/product_brand?post=15661"},{"taxonomy":"product_cat","embeddable":true,"href":"https:\/\/efamakina.com.tr\/az\/wp-json\/wp\/v2\/product_cat?post=15661"},{"taxonomy":"product_tag","embeddable":true,"href":"https:\/\/efamakina.com.tr\/az\/wp-json\/wp\/v2\/product_tag?post=15661"},{"taxonomy":"urun-tipi","embeddable":true,"href":"https:\/\/efamakina.com.tr\/az\/wp-json\/wp\/v2\/urun-tipi?post=15661"}],"curies":[{"name":"wp","href":"https:\/\/api.w.org\/{rel}","templated":true}]}}