{"id":15548,"date":"2025-07-01T09:58:30","date_gmt":"2025-07-01T09:58:30","guid":{"rendered":"https:\/\/efamakina.com.tr\/?post_type=product&#038;p=15548"},"modified":"2026-02-18T13:24:28","modified_gmt":"2026-02-18T13:24:28","slug":"3502374-camshaft-as","status":"publish","type":"product","link":"https:\/\/efamakina.com.tr\/az\/urun\/3502374-camshaft-as\/","title":{"rendered":"3502374 Camshaft AS"},"content":{"rendered":"<p>Caterpillar, Cat, 3502374, 350-2374, 2433195, 243-3195, 2255967, 225-5967, Camshaft AS Parts, Engine, Yedek, Motor, Par\u00e7a, Par\u00e7alar\u0131, M\u00fch\u0259rrik, Ehtiyat, Hiss\u0259l\u0259ri, Hisse, Hisseleri, Kam, Eksantirik, Camshaft, qaz, paylay\u0131c\u0131, val, val\u0131,<\/p>\n","protected":false},"excerpt":{"rendered":"<p>Caterpillar, Cat, 3502374, 350-2374, 2433195, 243-3195, 2255967, 225-5967, Camshaft AS<\/p>\n","protected":false},"featured_media":13057,"comment_status":"open","ping_status":"closed","template":"","meta":{"_acf_changed":false},"product_brand":[555],"product_cat":[15,525],"product_tag":[],"urun-tipi":[393],"class_list":{"0":"post-15548","1":"product","2":"type-product","3":"status-publish","4":"has-post-thumbnail","6":"product_brand-caterpillar","7":"product_cat-engine-and-related-systems","8":"product_cat-camshafts","9":"urun-tipi-caterpillar-cat","11":"first","12":"instock","13":"taxable","14":"shipping-taxable","15":"purchasable","16":"product-type-simple"},"acf":[],"_links":{"self":[{"href":"https:\/\/efamakina.com.tr\/az\/wp-json\/wp\/v2\/product\/15548","targetHints":{"allow":["GET"]}}],"collection":[{"href":"https:\/\/efamakina.com.tr\/az\/wp-json\/wp\/v2\/product"}],"about":[{"href":"https:\/\/efamakina.com.tr\/az\/wp-json\/wp\/v2\/types\/product"}],"replies":[{"embeddable":true,"href":"https:\/\/efamakina.com.tr\/az\/wp-json\/wp\/v2\/comments?post=15548"}],"wp:featuredmedia":[{"embeddable":true,"href":"https:\/\/efamakina.com.tr\/az\/wp-json\/wp\/v2\/media\/13057"}],"wp:attachment":[{"href":"https:\/\/efamakina.com.tr\/az\/wp-json\/wp\/v2\/media?parent=15548"}],"wp:term":[{"taxonomy":"product_brand","embeddable":true,"href":"https:\/\/efamakina.com.tr\/az\/wp-json\/wp\/v2\/product_brand?post=15548"},{"taxonomy":"product_cat","embeddable":true,"href":"https:\/\/efamakina.com.tr\/az\/wp-json\/wp\/v2\/product_cat?post=15548"},{"taxonomy":"product_tag","embeddable":true,"href":"https:\/\/efamakina.com.tr\/az\/wp-json\/wp\/v2\/product_tag?post=15548"},{"taxonomy":"urun-tipi","embeddable":true,"href":"https:\/\/efamakina.com.tr\/az\/wp-json\/wp\/v2\/urun-tipi?post=15548"}],"curies":[{"name":"wp","href":"https:\/\/api.w.org\/{rel}","templated":true}]}}