{"id":15379,"date":"2025-06-28T06:39:59","date_gmt":"2025-06-28T06:39:59","guid":{"rendered":"https:\/\/efamakina.com.tr\/urun\/2368228-pump-gp-fuel-injection\/"},"modified":"2025-06-28T06:40:24","modified_gmt":"2025-06-28T06:40:24","slug":"2368228-pump-gp-fuel-injection","status":"publish","type":"product","link":"https:\/\/efamakina.com.tr\/az\/urun\/2368228-pump-gp-fuel-injection\/","title":{"rendered":"2368228 Pump GP-Fuel Injection"},"content":{"rendered":"<p>Caterpillar, Cat, 2368228, 236-8228, 2482356, 248-2356, 2482357, 248-2357, 2482358, 248-2358, Pump GP-Fuel Injection<\/p>\n","protected":false},"excerpt":{"rendered":"<p>Caterpillar, Cat, 2368228, 236-8228, 2482356, 248-2356, 2482357, 248-2357, 2482358, 248-2358, Pump GP-Fuel Injection, Yedek, Motor, Par\u00e7a, Par\u00e7alar\u0131, M\u00fch\u0259rrik, Ehtiyat, Hiss\u0259l\u0259ri, Hiss\u0259, Hisse, Hisseleri, Yak\u0131t, Yanacaq, Pompa, Pompas\u0131, Maz\u0131t, Mazot, Pompas\u0131, Nasos, Nasosu,&#8221;<\/p>\n","protected":false},"featured_media":13057,"comment_status":"open","ping_status":"closed","template":"","meta":{"_acf_changed":false},"product_brand":[],"product_cat":[15,537],"product_tag":[],"urun-tipi":[393],"class_list":{"0":"post-15379","1":"product","2":"type-product","3":"status-publish","4":"has-post-thumbnail","6":"product_cat-engine-and-related-systems","7":"product_cat-fuel-injection-pumps-az","8":"urun-tipi-caterpillar-cat","10":"first","11":"instock","12":"taxable","13":"shipping-taxable","14":"purchasable","15":"product-type-simple"},"acf":[],"_links":{"self":[{"href":"https:\/\/efamakina.com.tr\/az\/wp-json\/wp\/v2\/product\/15379","targetHints":{"allow":["GET"]}}],"collection":[{"href":"https:\/\/efamakina.com.tr\/az\/wp-json\/wp\/v2\/product"}],"about":[{"href":"https:\/\/efamakina.com.tr\/az\/wp-json\/wp\/v2\/types\/product"}],"replies":[{"embeddable":true,"href":"https:\/\/efamakina.com.tr\/az\/wp-json\/wp\/v2\/comments?post=15379"}],"wp:featuredmedia":[{"embeddable":true,"href":"https:\/\/efamakina.com.tr\/az\/wp-json\/wp\/v2\/media\/13057"}],"wp:attachment":[{"href":"https:\/\/efamakina.com.tr\/az\/wp-json\/wp\/v2\/media?parent=15379"}],"wp:term":[{"taxonomy":"product_brand","embeddable":true,"href":"https:\/\/efamakina.com.tr\/az\/wp-json\/wp\/v2\/product_brand?post=15379"},{"taxonomy":"product_cat","embeddable":true,"href":"https:\/\/efamakina.com.tr\/az\/wp-json\/wp\/v2\/product_cat?post=15379"},{"taxonomy":"product_tag","embeddable":true,"href":"https:\/\/efamakina.com.tr\/az\/wp-json\/wp\/v2\/product_tag?post=15379"},{"taxonomy":"urun-tipi","embeddable":true,"href":"https:\/\/efamakina.com.tr\/az\/wp-json\/wp\/v2\/urun-tipi?post=15379"}],"curies":[{"name":"wp","href":"https:\/\/api.w.org\/{rel}","templated":true}]}}