{"id":15167,"date":"2025-06-18T07:47:51","date_gmt":"2025-06-18T07:47:51","guid":{"rendered":"https:\/\/efamakina.com.tr\/?post_type=product&#038;p=15167"},"modified":"2025-06-18T07:47:51","modified_gmt":"2025-06-18T07:47:51","slug":"1807341-pump-gp-unit-injector-hyd","status":"publish","type":"product","link":"https:\/\/efamakina.com.tr\/az\/urun\/1807341-pump-gp-unit-injector-hyd\/","title":{"rendered":"1807341 Pump GP-Unit Injector Hyd"},"content":{"rendered":"<p>Caterpillar, Cat, 1807341, 180-7341, Pump GP-Unit Injector Hyd, Yedek, Motor, Par\u00e7a, Par\u00e7alar\u0131, M\u00fch\u0259rrik, Ehtiyat, Hiss\u0259l\u0259ri, Hiss\u0259, Hisse, Hisseleri, Yak\u0131t, Yanacaq, Pompa, Pompas\u0131, Maz\u0131t, Mazot, Pompas\u0131, Nasos, Nasosu,<\/p>\n","protected":false},"excerpt":{"rendered":"<p>Caterpillar, Cat, 1807341, 180-7341, Pump GP-Unit Injector Hyd<\/p>\n","protected":false},"featured_media":13057,"comment_status":"open","ping_status":"closed","template":"","meta":{"_acf_changed":false},"product_brand":[],"product_cat":[15,537],"product_tag":[],"urun-tipi":[393],"class_list":{"0":"post-15167","1":"product","2":"type-product","3":"status-publish","4":"has-post-thumbnail","6":"product_cat-engine-and-related-systems","7":"product_cat-fuel-injection-pumps-az","8":"urun-tipi-caterpillar-cat","10":"first","11":"instock","12":"taxable","13":"shipping-taxable","14":"purchasable","15":"product-type-simple"},"acf":[],"_links":{"self":[{"href":"https:\/\/efamakina.com.tr\/az\/wp-json\/wp\/v2\/product\/15167","targetHints":{"allow":["GET"]}}],"collection":[{"href":"https:\/\/efamakina.com.tr\/az\/wp-json\/wp\/v2\/product"}],"about":[{"href":"https:\/\/efamakina.com.tr\/az\/wp-json\/wp\/v2\/types\/product"}],"replies":[{"embeddable":true,"href":"https:\/\/efamakina.com.tr\/az\/wp-json\/wp\/v2\/comments?post=15167"}],"wp:featuredmedia":[{"embeddable":true,"href":"https:\/\/efamakina.com.tr\/az\/wp-json\/wp\/v2\/media\/13057"}],"wp:attachment":[{"href":"https:\/\/efamakina.com.tr\/az\/wp-json\/wp\/v2\/media?parent=15167"}],"wp:term":[{"taxonomy":"product_brand","embeddable":true,"href":"https:\/\/efamakina.com.tr\/az\/wp-json\/wp\/v2\/product_brand?post=15167"},{"taxonomy":"product_cat","embeddable":true,"href":"https:\/\/efamakina.com.tr\/az\/wp-json\/wp\/v2\/product_cat?post=15167"},{"taxonomy":"product_tag","embeddable":true,"href":"https:\/\/efamakina.com.tr\/az\/wp-json\/wp\/v2\/product_tag?post=15167"},{"taxonomy":"urun-tipi","embeddable":true,"href":"https:\/\/efamakina.com.tr\/az\/wp-json\/wp\/v2\/urun-tipi?post=15167"}],"curies":[{"name":"wp","href":"https:\/\/api.w.org\/{rel}","templated":true}]}}