{"id":15047,"date":"2025-06-10T07:24:17","date_gmt":"2025-06-10T07:24:17","guid":{"rendered":"https:\/\/efamakina.com.tr\/urun\/4493315-injector-gp-fuel\/"},"modified":"2025-06-10T07:24:51","modified_gmt":"2025-06-10T07:24:51","slug":"4493315-injector-gp-fuel","status":"publish","type":"product","link":"https:\/\/efamakina.com.tr\/az\/urun\/4493315-injector-gp-fuel\/","title":{"rendered":"4493315 Injector GP-Fuel"},"content":{"rendered":"<p>Caterpillar, Cat, 4493315 , 449-3315, Injector GP-Fuel, Yedek, Motor, Par\u00e7a, Par\u00e7alar\u0131, M\u00fch\u0259rrik, Ehtiyat, Hiss\u0259l\u0259ri, Hiss\u0259, Hisse, Hisseleri, injector, enjekt\u00f6r, enjektor, injektor, farsunka, Injektor, Injector,<\/p>\n","protected":false},"excerpt":{"rendered":"<p>Caterpillar, Cat, 4493315 , 449-3315, Injector GP-Fuel<\/p>\n","protected":false},"featured_media":13057,"comment_status":"open","ping_status":"closed","template":"","meta":{"_acf_changed":false},"product_brand":[],"product_cat":[537,15],"product_tag":[],"urun-tipi":[393],"class_list":{"0":"post-15047","1":"product","2":"type-product","3":"status-publish","4":"has-post-thumbnail","6":"product_cat-fuel-injection-pumps-az","7":"product_cat-engine-and-related-systems","8":"urun-tipi-caterpillar-cat","10":"first","11":"instock","12":"taxable","13":"shipping-taxable","14":"purchasable","15":"product-type-simple"},"acf":[],"_links":{"self":[{"href":"https:\/\/efamakina.com.tr\/az\/wp-json\/wp\/v2\/product\/15047","targetHints":{"allow":["GET"]}}],"collection":[{"href":"https:\/\/efamakina.com.tr\/az\/wp-json\/wp\/v2\/product"}],"about":[{"href":"https:\/\/efamakina.com.tr\/az\/wp-json\/wp\/v2\/types\/product"}],"replies":[{"embeddable":true,"href":"https:\/\/efamakina.com.tr\/az\/wp-json\/wp\/v2\/comments?post=15047"}],"wp:featuredmedia":[{"embeddable":true,"href":"https:\/\/efamakina.com.tr\/az\/wp-json\/wp\/v2\/media\/13057"}],"wp:attachment":[{"href":"https:\/\/efamakina.com.tr\/az\/wp-json\/wp\/v2\/media?parent=15047"}],"wp:term":[{"taxonomy":"product_brand","embeddable":true,"href":"https:\/\/efamakina.com.tr\/az\/wp-json\/wp\/v2\/product_brand?post=15047"},{"taxonomy":"product_cat","embeddable":true,"href":"https:\/\/efamakina.com.tr\/az\/wp-json\/wp\/v2\/product_cat?post=15047"},{"taxonomy":"product_tag","embeddable":true,"href":"https:\/\/efamakina.com.tr\/az\/wp-json\/wp\/v2\/product_tag?post=15047"},{"taxonomy":"urun-tipi","embeddable":true,"href":"https:\/\/efamakina.com.tr\/az\/wp-json\/wp\/v2\/urun-tipi?post=15047"}],"curies":[{"name":"wp","href":"https:\/\/api.w.org\/{rel}","templated":true}]}}