{"id":14905,"date":"2025-06-09T08:17:50","date_gmt":"2025-06-09T08:17:50","guid":{"rendered":"https:\/\/efamakina.com.tr\/?post_type=product&#038;p=14905"},"modified":"2025-06-09T08:17:51","modified_gmt":"2025-06-09T08:17:51","slug":"5285683-seal-gp-crankshaft-rear","status":"publish","type":"product","link":"https:\/\/efamakina.com.tr\/az\/urun\/5285683-seal-gp-crankshaft-rear\/","title":{"rendered":"5285683 Seal GP-Crankshaft (Rear)"},"content":{"rendered":"<p>Caterpillar, Cat, Yedek, Motor, Par\u00e7a, Par\u00e7alar\u0131, M\u00fch\u0259rrik, Ehtiyat, Hiss\u0259l\u0259ri, Hiss\u0259, Hisse, Hisseleri, Krank, Arka, Ke\u00e7e, Ke\u00e7esi, Val, Arxa, Salnik, Salniki, <\/p>\n","protected":false},"excerpt":{"rendered":"<p>Caterpillar, Cat, 5285683, 528-5683, 2854073, 285-4073, 1878961, 187-8961, Seal GP-Crankshaft (Rear)<\/p>\n","protected":false},"featured_media":13057,"comment_status":"open","ping_status":"closed","template":"","meta":{"_acf_changed":false},"product_brand":[],"product_cat":[15,526],"product_tag":[],"urun-tipi":[393],"class_list":{"0":"post-14905","1":"product","2":"type-product","3":"status-publish","4":"has-post-thumbnail","6":"product_cat-engine-and-related-systems","7":"product_cat-crankshafts","8":"urun-tipi-caterpillar-cat","10":"first","11":"instock","12":"taxable","13":"shipping-taxable","14":"purchasable","15":"product-type-simple"},"acf":[],"_links":{"self":[{"href":"https:\/\/efamakina.com.tr\/az\/wp-json\/wp\/v2\/product\/14905","targetHints":{"allow":["GET"]}}],"collection":[{"href":"https:\/\/efamakina.com.tr\/az\/wp-json\/wp\/v2\/product"}],"about":[{"href":"https:\/\/efamakina.com.tr\/az\/wp-json\/wp\/v2\/types\/product"}],"replies":[{"embeddable":true,"href":"https:\/\/efamakina.com.tr\/az\/wp-json\/wp\/v2\/comments?post=14905"}],"wp:featuredmedia":[{"embeddable":true,"href":"https:\/\/efamakina.com.tr\/az\/wp-json\/wp\/v2\/media\/13057"}],"wp:attachment":[{"href":"https:\/\/efamakina.com.tr\/az\/wp-json\/wp\/v2\/media?parent=14905"}],"wp:term":[{"taxonomy":"product_brand","embeddable":true,"href":"https:\/\/efamakina.com.tr\/az\/wp-json\/wp\/v2\/product_brand?post=14905"},{"taxonomy":"product_cat","embeddable":true,"href":"https:\/\/efamakina.com.tr\/az\/wp-json\/wp\/v2\/product_cat?post=14905"},{"taxonomy":"product_tag","embeddable":true,"href":"https:\/\/efamakina.com.tr\/az\/wp-json\/wp\/v2\/product_tag?post=14905"},{"taxonomy":"urun-tipi","embeddable":true,"href":"https:\/\/efamakina.com.tr\/az\/wp-json\/wp\/v2\/urun-tipi?post=14905"}],"curies":[{"name":"wp","href":"https:\/\/api.w.org\/{rel}","templated":true}]}}