{"id":14868,"date":"2025-06-09T07:43:06","date_gmt":"2025-06-09T07:43:06","guid":{"rendered":"https:\/\/efamakina.com.tr\/urun\/5185891-kit-washer-thrust-std\/"},"modified":"2025-06-09T07:43:36","modified_gmt":"2025-06-09T07:43:36","slug":"5185891-kit-washer-thrust-std","status":"publish","type":"product","link":"https:\/\/efamakina.com.tr\/az\/urun\/5185891-kit-washer-thrust-std\/","title":{"rendered":"5185891 Kit-Washer Thrust (Std)"},"content":{"rendered":"<p>Caterpillar, Cat, Yedek, Motor, Par\u00e7a, Par\u00e7alar\u0131, M\u00fch\u0259rrik, Ehtiyat, Hiss\u0259l\u0259ri, Hiss\u0259, Hisse, Hisseleri, Ana, Yatak, Aypara, Karnavoy, Kladis, Kladisi, <\/p>\n","protected":false},"excerpt":{"rendered":"<p>Caterpillar, Cat, 5185891, 518-5891, 0329090, 032-9090, 0329091, 032-9091, 4707995, 470-7995, 4708021, 470-8021, Kit-Washer Thrust (Std)<\/p>\n","protected":false},"featured_media":13057,"comment_status":"open","ping_status":"closed","template":"","meta":{"_acf_changed":false},"product_brand":[],"product_cat":[526,15],"product_tag":[],"urun-tipi":[393],"class_list":{"0":"post-14868","1":"product","2":"type-product","3":"status-publish","4":"has-post-thumbnail","6":"product_cat-crankshafts","7":"product_cat-engine-and-related-systems","8":"urun-tipi-caterpillar-cat","10":"first","11":"instock","12":"taxable","13":"shipping-taxable","14":"purchasable","15":"product-type-simple"},"acf":[],"_links":{"self":[{"href":"https:\/\/efamakina.com.tr\/az\/wp-json\/wp\/v2\/product\/14868","targetHints":{"allow":["GET"]}}],"collection":[{"href":"https:\/\/efamakina.com.tr\/az\/wp-json\/wp\/v2\/product"}],"about":[{"href":"https:\/\/efamakina.com.tr\/az\/wp-json\/wp\/v2\/types\/product"}],"replies":[{"embeddable":true,"href":"https:\/\/efamakina.com.tr\/az\/wp-json\/wp\/v2\/comments?post=14868"}],"wp:featuredmedia":[{"embeddable":true,"href":"https:\/\/efamakina.com.tr\/az\/wp-json\/wp\/v2\/media\/13057"}],"wp:attachment":[{"href":"https:\/\/efamakina.com.tr\/az\/wp-json\/wp\/v2\/media?parent=14868"}],"wp:term":[{"taxonomy":"product_brand","embeddable":true,"href":"https:\/\/efamakina.com.tr\/az\/wp-json\/wp\/v2\/product_brand?post=14868"},{"taxonomy":"product_cat","embeddable":true,"href":"https:\/\/efamakina.com.tr\/az\/wp-json\/wp\/v2\/product_cat?post=14868"},{"taxonomy":"product_tag","embeddable":true,"href":"https:\/\/efamakina.com.tr\/az\/wp-json\/wp\/v2\/product_tag?post=14868"},{"taxonomy":"urun-tipi","embeddable":true,"href":"https:\/\/efamakina.com.tr\/az\/wp-json\/wp\/v2\/urun-tipi?post=14868"}],"curies":[{"name":"wp","href":"https:\/\/api.w.org\/{rel}","templated":true}]}}