{"id":14788,"date":"2025-06-08T07:05:00","date_gmt":"2025-06-08T07:05:00","guid":{"rendered":"https:\/\/efamakina.com.tr\/?post_type=product&#038;p=14788"},"modified":"2025-06-08T07:05:01","modified_gmt":"2025-06-08T07:05:01","slug":"2295156-bearing-crankshaft-main-thrust-0-5mm-undersize-0-5mm-oversize","status":"publish","type":"product","link":"https:\/\/efamakina.com.tr\/az\/urun\/2295156-bearing-crankshaft-main-thrust-0-5mm-undersize-0-5mm-oversize\/","title":{"rendered":"2295156 Bearing-Crankshaft Main Thrust (0.5MM Undersize-0.5MM Oversize"},"content":{"rendered":"<p>Caterpillar, Cat, Yedek, Motor, Par\u00e7a, Par\u00e7alar\u0131, M\u00fch\u0259rrik, Ehtiyat, Hiss\u0259l\u0259ri, Hiss\u0259, Hisse, Hisseleri, Ana, Yatak, Aypara, Karnavoy, Kladis, Kladisi, <\/p>\n","protected":false},"excerpt":{"rendered":"<p>Caterpillar, Cat, 2295156, 229-5156, 7C6970, 7C-6970, Bearing-Crankshaft Main Thrust (0.5MM Undersize-0.5MM Oversize<\/p>\n","protected":false},"featured_media":13057,"comment_status":"open","ping_status":"closed","template":"","meta":{"_acf_changed":false},"product_brand":[],"product_cat":[15,526],"product_tag":[],"urun-tipi":[393],"class_list":{"0":"post-14788","1":"product","2":"type-product","3":"status-publish","4":"has-post-thumbnail","6":"product_cat-engine-and-related-systems","7":"product_cat-crankshafts","8":"urun-tipi-caterpillar-cat","10":"first","11":"instock","12":"taxable","13":"shipping-taxable","14":"purchasable","15":"product-type-simple"},"acf":[],"_links":{"self":[{"href":"https:\/\/efamakina.com.tr\/az\/wp-json\/wp\/v2\/product\/14788","targetHints":{"allow":["GET"]}}],"collection":[{"href":"https:\/\/efamakina.com.tr\/az\/wp-json\/wp\/v2\/product"}],"about":[{"href":"https:\/\/efamakina.com.tr\/az\/wp-json\/wp\/v2\/types\/product"}],"replies":[{"embeddable":true,"href":"https:\/\/efamakina.com.tr\/az\/wp-json\/wp\/v2\/comments?post=14788"}],"wp:featuredmedia":[{"embeddable":true,"href":"https:\/\/efamakina.com.tr\/az\/wp-json\/wp\/v2\/media\/13057"}],"wp:attachment":[{"href":"https:\/\/efamakina.com.tr\/az\/wp-json\/wp\/v2\/media?parent=14788"}],"wp:term":[{"taxonomy":"product_brand","embeddable":true,"href":"https:\/\/efamakina.com.tr\/az\/wp-json\/wp\/v2\/product_brand?post=14788"},{"taxonomy":"product_cat","embeddable":true,"href":"https:\/\/efamakina.com.tr\/az\/wp-json\/wp\/v2\/product_cat?post=14788"},{"taxonomy":"product_tag","embeddable":true,"href":"https:\/\/efamakina.com.tr\/az\/wp-json\/wp\/v2\/product_tag?post=14788"},{"taxonomy":"urun-tipi","embeddable":true,"href":"https:\/\/efamakina.com.tr\/az\/wp-json\/wp\/v2\/urun-tipi?post=14788"}],"curies":[{"name":"wp","href":"https:\/\/api.w.org\/{rel}","templated":true}]}}