{"id":14711,"date":"2025-06-05T07:54:08","date_gmt":"2025-06-05T07:54:08","guid":{"rendered":"https:\/\/efamakina.com.tr\/?post_type=product&#038;p=14711"},"modified":"2025-06-05T07:54:09","modified_gmt":"2025-06-05T07:54:09","slug":"1280382-bearing-crankshaft-main-0-51mm-undersize","status":"publish","type":"product","link":"https:\/\/efamakina.com.tr\/az\/urun\/1280382-bearing-crankshaft-main-0-51mm-undersize\/","title":{"rendered":"1280382 Bearing-Crankshaft Main (0.51MM Undersize)"},"content":{"rendered":"<p>Caterpillar, Cat, Yedek, Motor, Par\u00e7a, Par\u00e7alar\u0131, M\u00fch\u0259rrik, Ehtiyat, Hiss\u0259l\u0259ri, Hiss\u0259, Hisse, Hisseleri, Ana, Yatak, Karnavoy, Kladis, Kladisi, <\/p>\n","protected":false},"excerpt":{"rendered":"<p>Caterpillar, Cat, 1280382, 128-0382, Bearing-Crankshaft Main (0.51MM Undersize)<\/p>\n","protected":false},"featured_media":13057,"comment_status":"open","ping_status":"closed","template":"","meta":{"_acf_changed":false},"product_brand":[],"product_cat":[15,526],"product_tag":[],"urun-tipi":[393],"class_list":{"0":"post-14711","1":"product","2":"type-product","3":"status-publish","4":"has-post-thumbnail","6":"product_cat-engine-and-related-systems","7":"product_cat-crankshafts","8":"urun-tipi-caterpillar-cat","10":"first","11":"instock","12":"taxable","13":"shipping-taxable","14":"purchasable","15":"product-type-simple"},"acf":[],"_links":{"self":[{"href":"https:\/\/efamakina.com.tr\/az\/wp-json\/wp\/v2\/product\/14711","targetHints":{"allow":["GET"]}}],"collection":[{"href":"https:\/\/efamakina.com.tr\/az\/wp-json\/wp\/v2\/product"}],"about":[{"href":"https:\/\/efamakina.com.tr\/az\/wp-json\/wp\/v2\/types\/product"}],"replies":[{"embeddable":true,"href":"https:\/\/efamakina.com.tr\/az\/wp-json\/wp\/v2\/comments?post=14711"}],"wp:featuredmedia":[{"embeddable":true,"href":"https:\/\/efamakina.com.tr\/az\/wp-json\/wp\/v2\/media\/13057"}],"wp:attachment":[{"href":"https:\/\/efamakina.com.tr\/az\/wp-json\/wp\/v2\/media?parent=14711"}],"wp:term":[{"taxonomy":"product_brand","embeddable":true,"href":"https:\/\/efamakina.com.tr\/az\/wp-json\/wp\/v2\/product_brand?post=14711"},{"taxonomy":"product_cat","embeddable":true,"href":"https:\/\/efamakina.com.tr\/az\/wp-json\/wp\/v2\/product_cat?post=14711"},{"taxonomy":"product_tag","embeddable":true,"href":"https:\/\/efamakina.com.tr\/az\/wp-json\/wp\/v2\/product_tag?post=14711"},{"taxonomy":"urun-tipi","embeddable":true,"href":"https:\/\/efamakina.com.tr\/az\/wp-json\/wp\/v2\/urun-tipi?post=14711"}],"curies":[{"name":"wp","href":"https:\/\/api.w.org\/{rel}","templated":true}]}}