{"id":14588,"date":"2025-06-02T11:01:57","date_gmt":"2025-06-02T11:01:57","guid":{"rendered":"https:\/\/efamakina.com.tr\/?post_type=product&#038;p=14588"},"modified":"2025-06-02T11:01:57","modified_gmt":"2025-06-02T11:01:57","slug":"5185885-bearing-kit-crankshaft-main-0-762mm-undersize","status":"publish","type":"product","link":"https:\/\/efamakina.com.tr\/az\/urun\/5185885-bearing-kit-crankshaft-main-0-762mm-undersize\/","title":{"rendered":"5185885 Bearing Kit-Crankshaft Main (0.762MM Undersize)"},"content":{"rendered":"<p>Caterpillar, Cat, Yedek, Motor, Par\u00e7a, Par\u00e7alar\u0131, M\u00fch\u0259rrik, Ehtiyat, Hiss\u0259l\u0259ri, Hiss\u0259, Hisse, Hisseleri, Ana, Yatak, Kit, Kiti, Set, Seti, Tak\u0131m, Tak\u0131m\u0131, Karnavoy, Kladis, Kladisi, d\u0259st, d\u0259sti, dest, desti,<\/p>\n","protected":false},"excerpt":{"rendered":"<p>Caterpillar, Cat, 5185885, 518-5885, 3537426, 353-7426, 2333786, 233-3786, Bearing Kit-Crankshaft Main (0.762MM Undersize)<\/p>\n","protected":false},"featured_media":14589,"comment_status":"open","ping_status":"closed","template":"","meta":{"_acf_changed":false},"product_brand":[],"product_cat":[15,526],"product_tag":[],"urun-tipi":[],"class_list":{"0":"post-14588","1":"product","2":"type-product","3":"status-publish","4":"has-post-thumbnail","6":"product_cat-engine-and-related-systems","7":"product_cat-crankshafts","9":"first","10":"instock","11":"taxable","12":"shipping-taxable","13":"purchasable","14":"product-type-simple"},"acf":[],"_links":{"self":[{"href":"https:\/\/efamakina.com.tr\/az\/wp-json\/wp\/v2\/product\/14588","targetHints":{"allow":["GET"]}}],"collection":[{"href":"https:\/\/efamakina.com.tr\/az\/wp-json\/wp\/v2\/product"}],"about":[{"href":"https:\/\/efamakina.com.tr\/az\/wp-json\/wp\/v2\/types\/product"}],"replies":[{"embeddable":true,"href":"https:\/\/efamakina.com.tr\/az\/wp-json\/wp\/v2\/comments?post=14588"}],"wp:featuredmedia":[{"embeddable":true,"href":"https:\/\/efamakina.com.tr\/az\/wp-json\/wp\/v2\/media\/14589"}],"wp:attachment":[{"href":"https:\/\/efamakina.com.tr\/az\/wp-json\/wp\/v2\/media?parent=14588"}],"wp:term":[{"taxonomy":"product_brand","embeddable":true,"href":"https:\/\/efamakina.com.tr\/az\/wp-json\/wp\/v2\/product_brand?post=14588"},{"taxonomy":"product_cat","embeddable":true,"href":"https:\/\/efamakina.com.tr\/az\/wp-json\/wp\/v2\/product_cat?post=14588"},{"taxonomy":"product_tag","embeddable":true,"href":"https:\/\/efamakina.com.tr\/az\/wp-json\/wp\/v2\/product_tag?post=14588"},{"taxonomy":"urun-tipi","embeddable":true,"href":"https:\/\/efamakina.com.tr\/az\/wp-json\/wp\/v2\/urun-tipi?post=14588"}],"curies":[{"name":"wp","href":"https:\/\/api.w.org\/{rel}","templated":true}]}}