{"id":14547,"date":"2025-06-02T10:08:54","date_gmt":"2025-06-02T10:08:54","guid":{"rendered":"https:\/\/efamakina.com.tr\/urun\/4687770-bearing-kit-connecting-rod-0-762mm-undersize\/"},"modified":"2025-06-02T10:09:16","modified_gmt":"2025-06-02T10:09:16","slug":"4687770-bearing-kit-connecting-rod-0-762mm-undersize","status":"publish","type":"product","link":"https:\/\/efamakina.com.tr\/az\/urun\/4687770-bearing-kit-connecting-rod-0-762mm-undersize\/","title":{"rendered":"4687770 Bearing Kit-Connecting Rod (0.762MM Undersize)"},"content":{"rendered":"<p>Caterpillar, Cat, Yedek, Motor, Par\u00e7a, Par\u00e7alar\u0131, M\u00fch\u0259rrik, Ehtiyat, Hiss\u0259l\u0259ri, Hiss\u0259, Hisse, Hisseleri, Kol, Yatak, Kit, Kiti, Set, Seti, Tak\u0131m, Tak\u0131m\u0131, \u015eatun, \u015eatnavoy, Satnavoy, Satun, Kladis, Kladisi, d\u0259st, d\u0259sti, dest, desti,<\/p>\n","protected":false},"excerpt":{"rendered":"<p>Caterpillar, Cat, 4687770, 468-7770, 3532208, 353-2208, 2333790, 233-3790, Bearing Kit-Connecting Rod (0.762MM Undersize)<\/p>\n","protected":false},"featured_media":14545,"comment_status":"open","ping_status":"closed","template":"","meta":{"_acf_changed":false},"product_brand":[],"product_cat":[15,526],"product_tag":[],"urun-tipi":[393],"class_list":{"0":"post-14547","1":"product","2":"type-product","3":"status-publish","4":"has-post-thumbnail","6":"product_cat-engine-and-related-systems","7":"product_cat-crankshafts","8":"urun-tipi-caterpillar-cat","10":"first","11":"instock","12":"taxable","13":"shipping-taxable","14":"purchasable","15":"product-type-simple"},"acf":[],"_links":{"self":[{"href":"https:\/\/efamakina.com.tr\/az\/wp-json\/wp\/v2\/product\/14547","targetHints":{"allow":["GET"]}}],"collection":[{"href":"https:\/\/efamakina.com.tr\/az\/wp-json\/wp\/v2\/product"}],"about":[{"href":"https:\/\/efamakina.com.tr\/az\/wp-json\/wp\/v2\/types\/product"}],"replies":[{"embeddable":true,"href":"https:\/\/efamakina.com.tr\/az\/wp-json\/wp\/v2\/comments?post=14547"}],"wp:featuredmedia":[{"embeddable":true,"href":"https:\/\/efamakina.com.tr\/az\/wp-json\/wp\/v2\/media\/14545"}],"wp:attachment":[{"href":"https:\/\/efamakina.com.tr\/az\/wp-json\/wp\/v2\/media?parent=14547"}],"wp:term":[{"taxonomy":"product_brand","embeddable":true,"href":"https:\/\/efamakina.com.tr\/az\/wp-json\/wp\/v2\/product_brand?post=14547"},{"taxonomy":"product_cat","embeddable":true,"href":"https:\/\/efamakina.com.tr\/az\/wp-json\/wp\/v2\/product_cat?post=14547"},{"taxonomy":"product_tag","embeddable":true,"href":"https:\/\/efamakina.com.tr\/az\/wp-json\/wp\/v2\/product_tag?post=14547"},{"taxonomy":"urun-tipi","embeddable":true,"href":"https:\/\/efamakina.com.tr\/az\/wp-json\/wp\/v2\/urun-tipi?post=14547"}],"curies":[{"name":"wp","href":"https:\/\/api.w.org\/{rel}","templated":true}]}}