{"id":14522,"date":"2025-06-02T08:50:25","date_gmt":"2025-06-02T08:50:25","guid":{"rendered":"https:\/\/efamakina.com.tr\/urun\/4804489-bearing-kit-connecting-rod-0-254mm-undersize\/"},"modified":"2025-06-02T08:51:31","modified_gmt":"2025-06-02T08:51:31","slug":"4804489-bearing-kit-connecting-rod-0-254mm-undersize","status":"publish","type":"product","link":"https:\/\/efamakina.com.tr\/az\/urun\/4804489-bearing-kit-connecting-rod-0-254mm-undersize\/","title":{"rendered":"4804489 Bearing Kit-Connecting Rod (0.254MM Undersize)"},"content":{"rendered":"<p>Caterpillar, Cat, Yedek, Motor, Par\u00e7a, Par\u00e7alar\u0131, M\u00fch\u0259rrik, Ehtiyat, Hiss\u0259l\u0259ri, Hiss\u0259, Hisse, Hisseleri, Kol, Yatak, Kit, Kiti, Set, Seti, Tak\u0131m, Tak\u0131m\u0131, \u015eatun, \u015eatnavoy, Satnavoy, Satun, Kladis, Kladisi, d\u0259st, d\u0259sti, dest, desti,<\/p>\n","protected":false},"excerpt":{"rendered":"<p>Caterpillar, Cat, 4804489, 480-4489, 4587918, 458-7918, Bearing Kit-Connecting Rod (0.254MM Undersize)<\/p>\n","protected":false},"featured_media":14520,"comment_status":"open","ping_status":"closed","template":"","meta":{"_acf_changed":false},"product_brand":[],"product_cat":[526],"product_tag":[],"urun-tipi":[393],"class_list":{"0":"post-14522","1":"product","2":"type-product","3":"status-publish","4":"has-post-thumbnail","6":"product_cat-crankshafts","7":"urun-tipi-caterpillar-cat","9":"first","10":"instock","11":"taxable","12":"shipping-taxable","13":"purchasable","14":"product-type-simple"},"acf":[],"_links":{"self":[{"href":"https:\/\/efamakina.com.tr\/az\/wp-json\/wp\/v2\/product\/14522","targetHints":{"allow":["GET"]}}],"collection":[{"href":"https:\/\/efamakina.com.tr\/az\/wp-json\/wp\/v2\/product"}],"about":[{"href":"https:\/\/efamakina.com.tr\/az\/wp-json\/wp\/v2\/types\/product"}],"replies":[{"embeddable":true,"href":"https:\/\/efamakina.com.tr\/az\/wp-json\/wp\/v2\/comments?post=14522"}],"wp:featuredmedia":[{"embeddable":true,"href":"https:\/\/efamakina.com.tr\/az\/wp-json\/wp\/v2\/media\/14520"}],"wp:attachment":[{"href":"https:\/\/efamakina.com.tr\/az\/wp-json\/wp\/v2\/media?parent=14522"}],"wp:term":[{"taxonomy":"product_brand","embeddable":true,"href":"https:\/\/efamakina.com.tr\/az\/wp-json\/wp\/v2\/product_brand?post=14522"},{"taxonomy":"product_cat","embeddable":true,"href":"https:\/\/efamakina.com.tr\/az\/wp-json\/wp\/v2\/product_cat?post=14522"},{"taxonomy":"product_tag","embeddable":true,"href":"https:\/\/efamakina.com.tr\/az\/wp-json\/wp\/v2\/product_tag?post=14522"},{"taxonomy":"urun-tipi","embeddable":true,"href":"https:\/\/efamakina.com.tr\/az\/wp-json\/wp\/v2\/urun-tipi?post=14522"}],"curies":[{"name":"wp","href":"https:\/\/api.w.org\/{rel}","templated":true}]}}