{"id":14515,"date":"2025-05-30T08:53:22","date_gmt":"2025-05-30T08:53:22","guid":{"rendered":"https:\/\/efamakina.com.tr\/?post_type=product&#038;p=14515"},"modified":"2025-05-30T08:54:01","modified_gmt":"2025-05-30T08:54:01","slug":"2468801-spring-wave","status":"publish","type":"product","link":"https:\/\/efamakina.com.tr\/az\/urun\/2468801-spring-wave\/","title":{"rendered":"2468801 Spring-Wave"},"content":{"rendered":"<p>Caterpillar, Cat, Power, Train, Transmission, Part, Parts, \u015eanz\u0131man, \u015eanzuman, Yedek, Par\u00e7alar\u0131, Par\u00e7a, Karopka, Mufta, Ehtiyat, hiss\u0259l\u0259ri, hiss\u0259,<\/p>\n","protected":false},"excerpt":{"rendered":"<p>Caterpillar, Cat, 2468801, 246-8801, Spring-Wave<\/p>\n","protected":false},"featured_media":13057,"comment_status":"open","ping_status":"closed","template":"","meta":{"_acf_changed":false},"product_brand":[],"product_cat":[425,430],"product_tag":[],"urun-tipi":[393],"class_list":{"0":"post-14515","1":"product","2":"type-product","3":"status-publish","4":"has-post-thumbnail","6":"product_cat-power-train","7":"product_cat-transmission","8":"urun-tipi-caterpillar-cat","10":"first","11":"instock","12":"taxable","13":"shipping-taxable","14":"purchasable","15":"product-type-simple"},"acf":[],"_links":{"self":[{"href":"https:\/\/efamakina.com.tr\/az\/wp-json\/wp\/v2\/product\/14515","targetHints":{"allow":["GET"]}}],"collection":[{"href":"https:\/\/efamakina.com.tr\/az\/wp-json\/wp\/v2\/product"}],"about":[{"href":"https:\/\/efamakina.com.tr\/az\/wp-json\/wp\/v2\/types\/product"}],"replies":[{"embeddable":true,"href":"https:\/\/efamakina.com.tr\/az\/wp-json\/wp\/v2\/comments?post=14515"}],"wp:featuredmedia":[{"embeddable":true,"href":"https:\/\/efamakina.com.tr\/az\/wp-json\/wp\/v2\/media\/13057"}],"wp:attachment":[{"href":"https:\/\/efamakina.com.tr\/az\/wp-json\/wp\/v2\/media?parent=14515"}],"wp:term":[{"taxonomy":"product_brand","embeddable":true,"href":"https:\/\/efamakina.com.tr\/az\/wp-json\/wp\/v2\/product_brand?post=14515"},{"taxonomy":"product_cat","embeddable":true,"href":"https:\/\/efamakina.com.tr\/az\/wp-json\/wp\/v2\/product_cat?post=14515"},{"taxonomy":"product_tag","embeddable":true,"href":"https:\/\/efamakina.com.tr\/az\/wp-json\/wp\/v2\/product_tag?post=14515"},{"taxonomy":"urun-tipi","embeddable":true,"href":"https:\/\/efamakina.com.tr\/az\/wp-json\/wp\/v2\/urun-tipi?post=14515"}],"curies":[{"name":"wp","href":"https:\/\/api.w.org\/{rel}","templated":true}]}}