{"id":14316,"date":"2025-05-29T13:54:39","date_gmt":"2025-05-29T13:54:39","guid":{"rendered":"https:\/\/efamakina.com.tr\/urun\/2h6489-race-bearing-outer\/"},"modified":"2025-05-29T13:57:30","modified_gmt":"2025-05-29T13:57:30","slug":"2h6489-race-bearing-outer","status":"publish","type":"product","link":"https:\/\/efamakina.com.tr\/az\/urun\/2h6489-race-bearing-outer\/","title":{"rendered":"2H6489 Race-Bearing Outer"},"content":{"rendered":"<p>Caterpillar, Cat, Power, Train, Transmission Part, Parts, \u015eanz\u0131man, \u015eanzuman, Yedek, Par\u00e7alar\u0131, Par\u00e7a, Karopka, Mufta, Ehtiyat, hiss\u0259l\u0259ri, hiss\u0259,<\/p>\n","protected":false},"excerpt":{"rendered":"<p>Caterpillar, Cat, 2H6489, 2H-6489, 5L7722, 5L-7722, Race-Bearing Outer<\/p>\n","protected":false},"featured_media":13057,"comment_status":"open","ping_status":"closed","template":"","meta":{"_acf_changed":false},"product_brand":[],"product_cat":[425,430],"product_tag":[],"urun-tipi":[393],"class_list":{"0":"post-14316","1":"product","2":"type-product","3":"status-publish","4":"has-post-thumbnail","6":"product_cat-power-train","7":"product_cat-transmission","8":"urun-tipi-caterpillar-cat","10":"first","11":"instock","12":"taxable","13":"shipping-taxable","14":"purchasable","15":"product-type-simple"},"acf":[],"_links":{"self":[{"href":"https:\/\/efamakina.com.tr\/az\/wp-json\/wp\/v2\/product\/14316","targetHints":{"allow":["GET"]}}],"collection":[{"href":"https:\/\/efamakina.com.tr\/az\/wp-json\/wp\/v2\/product"}],"about":[{"href":"https:\/\/efamakina.com.tr\/az\/wp-json\/wp\/v2\/types\/product"}],"replies":[{"embeddable":true,"href":"https:\/\/efamakina.com.tr\/az\/wp-json\/wp\/v2\/comments?post=14316"}],"wp:featuredmedia":[{"embeddable":true,"href":"https:\/\/efamakina.com.tr\/az\/wp-json\/wp\/v2\/media\/13057"}],"wp:attachment":[{"href":"https:\/\/efamakina.com.tr\/az\/wp-json\/wp\/v2\/media?parent=14316"}],"wp:term":[{"taxonomy":"product_brand","embeddable":true,"href":"https:\/\/efamakina.com.tr\/az\/wp-json\/wp\/v2\/product_brand?post=14316"},{"taxonomy":"product_cat","embeddable":true,"href":"https:\/\/efamakina.com.tr\/az\/wp-json\/wp\/v2\/product_cat?post=14316"},{"taxonomy":"product_tag","embeddable":true,"href":"https:\/\/efamakina.com.tr\/az\/wp-json\/wp\/v2\/product_tag?post=14316"},{"taxonomy":"urun-tipi","embeddable":true,"href":"https:\/\/efamakina.com.tr\/az\/wp-json\/wp\/v2\/urun-tipi?post=14316"}],"curies":[{"name":"wp","href":"https:\/\/api.w.org\/{rel}","templated":true}]}}