{"id":14284,"date":"2025-05-29T13:15:23","date_gmt":"2025-05-29T13:15:23","guid":{"rendered":"https:\/\/efamakina.com.tr\/urun\/2482222-plate-end\/"},"modified":"2025-05-29T13:15:48","modified_gmt":"2025-05-29T13:15:48","slug":"2482222-plate-end","status":"publish","type":"product","link":"https:\/\/efamakina.com.tr\/az\/urun\/2482222-plate-end\/","title":{"rendered":"2482222 Plate-End"},"content":{"rendered":"<p>Caterpillar, Cat, Power, Train, Transmission Part, Parts, \u015eanz\u0131man, \u015eanzuman, Yedek, Par\u00e7alar\u0131, Par\u00e7a, Karopka, Mufta, Ehtiyat, hiss\u0259l\u0259ri, hiss\u0259,<\/p>\n","protected":false},"excerpt":{"rendered":"<p>Caterpillar, Cat, 2482222, 248-2222, Plate-End<\/p>\n","protected":false},"featured_media":13057,"comment_status":"open","ping_status":"closed","template":"","meta":{"_acf_changed":false},"product_brand":[],"product_cat":[425,430],"product_tag":[],"urun-tipi":[393],"class_list":{"0":"post-14284","1":"product","2":"type-product","3":"status-publish","4":"has-post-thumbnail","6":"product_cat-power-train","7":"product_cat-transmission","8":"urun-tipi-caterpillar-cat","10":"first","11":"instock","12":"taxable","13":"shipping-taxable","14":"purchasable","15":"product-type-simple"},"acf":[],"_links":{"self":[{"href":"https:\/\/efamakina.com.tr\/az\/wp-json\/wp\/v2\/product\/14284","targetHints":{"allow":["GET"]}}],"collection":[{"href":"https:\/\/efamakina.com.tr\/az\/wp-json\/wp\/v2\/product"}],"about":[{"href":"https:\/\/efamakina.com.tr\/az\/wp-json\/wp\/v2\/types\/product"}],"replies":[{"embeddable":true,"href":"https:\/\/efamakina.com.tr\/az\/wp-json\/wp\/v2\/comments?post=14284"}],"wp:featuredmedia":[{"embeddable":true,"href":"https:\/\/efamakina.com.tr\/az\/wp-json\/wp\/v2\/media\/13057"}],"wp:attachment":[{"href":"https:\/\/efamakina.com.tr\/az\/wp-json\/wp\/v2\/media?parent=14284"}],"wp:term":[{"taxonomy":"product_brand","embeddable":true,"href":"https:\/\/efamakina.com.tr\/az\/wp-json\/wp\/v2\/product_brand?post=14284"},{"taxonomy":"product_cat","embeddable":true,"href":"https:\/\/efamakina.com.tr\/az\/wp-json\/wp\/v2\/product_cat?post=14284"},{"taxonomy":"product_tag","embeddable":true,"href":"https:\/\/efamakina.com.tr\/az\/wp-json\/wp\/v2\/product_tag?post=14284"},{"taxonomy":"urun-tipi","embeddable":true,"href":"https:\/\/efamakina.com.tr\/az\/wp-json\/wp\/v2\/urun-tipi?post=14284"}],"curies":[{"name":"wp","href":"https:\/\/api.w.org\/{rel}","templated":true}]}}