{"id":14277,"date":"2025-05-29T13:10:12","date_gmt":"2025-05-29T13:10:12","guid":{"rendered":"https:\/\/efamakina.com.tr\/urun\/9u9995-plate-clutch\/"},"modified":"2025-05-29T13:10:39","modified_gmt":"2025-05-29T13:10:39","slug":"9u9995-plate-clutch","status":"publish","type":"product","link":"https:\/\/efamakina.com.tr\/az\/urun\/9u9995-plate-clutch\/","title":{"rendered":"9U9995 Plate-Clutch"},"content":{"rendered":"<p>Caterpillar, Cat, Power, Train, Transmission Part, Parts, \u015eanz\u0131man, \u015eanzuman, Yedek, Par\u00e7alar\u0131, Par\u00e7a, Karopka, Mufta, Ehtiyat, hiss\u0259l\u0259ri, hiss\u0259,<\/p>\n","protected":false},"excerpt":{"rendered":"<p>Caterpillar, Cat, 9U9995, 9U-9995, Plate-Clutch<\/p>\n","protected":false},"featured_media":13057,"comment_status":"open","ping_status":"closed","template":"","meta":{"_acf_changed":false},"product_brand":[],"product_cat":[425,430],"product_tag":[],"urun-tipi":[393],"class_list":{"0":"post-14277","1":"product","2":"type-product","3":"status-publish","4":"has-post-thumbnail","6":"product_cat-power-train","7":"product_cat-transmission","8":"urun-tipi-caterpillar-cat","10":"first","11":"instock","12":"taxable","13":"shipping-taxable","14":"purchasable","15":"product-type-simple"},"acf":[],"_links":{"self":[{"href":"https:\/\/efamakina.com.tr\/az\/wp-json\/wp\/v2\/product\/14277","targetHints":{"allow":["GET"]}}],"collection":[{"href":"https:\/\/efamakina.com.tr\/az\/wp-json\/wp\/v2\/product"}],"about":[{"href":"https:\/\/efamakina.com.tr\/az\/wp-json\/wp\/v2\/types\/product"}],"replies":[{"embeddable":true,"href":"https:\/\/efamakina.com.tr\/az\/wp-json\/wp\/v2\/comments?post=14277"}],"wp:featuredmedia":[{"embeddable":true,"href":"https:\/\/efamakina.com.tr\/az\/wp-json\/wp\/v2\/media\/13057"}],"wp:attachment":[{"href":"https:\/\/efamakina.com.tr\/az\/wp-json\/wp\/v2\/media?parent=14277"}],"wp:term":[{"taxonomy":"product_brand","embeddable":true,"href":"https:\/\/efamakina.com.tr\/az\/wp-json\/wp\/v2\/product_brand?post=14277"},{"taxonomy":"product_cat","embeddable":true,"href":"https:\/\/efamakina.com.tr\/az\/wp-json\/wp\/v2\/product_cat?post=14277"},{"taxonomy":"product_tag","embeddable":true,"href":"https:\/\/efamakina.com.tr\/az\/wp-json\/wp\/v2\/product_tag?post=14277"},{"taxonomy":"urun-tipi","embeddable":true,"href":"https:\/\/efamakina.com.tr\/az\/wp-json\/wp\/v2\/urun-tipi?post=14277"}],"curies":[{"name":"wp","href":"https:\/\/api.w.org\/{rel}","templated":true}]}}