{"id":14236,"date":"2025-04-26T08:15:07","date_gmt":"2025-04-26T08:15:07","guid":{"rendered":"https:\/\/efamakina.com.tr\/urun\/5095694-element-as-fuel-filter\/"},"modified":"2025-04-26T08:16:50","modified_gmt":"2025-04-26T08:16:50","slug":"5095694-element-as-fuel-filter","status":"publish","type":"product","link":"https:\/\/efamakina.com.tr\/az\/urun\/5095694-element-as-fuel-filter\/","title":{"rendered":"5095694 Element As-Fuel Filter"},"content":{"rendered":"<p>Caterpillar, Cat, 5095694, 509-5694, Element As-Fuel Filter, Motor, Par\u00e7a, Par\u00e7alar\u0131, Engine, Part, Parts, M\u00fch\u0259rrik, Ehtiyat, Hiss\u0259l\u0259ri, Hisse, Hisseleri, Fuel, Filter, Filters, Yak\u0131t, Mazot, Yanacaq, Maz\u0131t, Filtre, Filtresi, Filtri, Filtiri, Filtr, Filtir,<\/p>\n","protected":false},"excerpt":{"rendered":"<p>Caterpillar, Cat, 5095694, 509-5694, Element As-Fuel Filter<\/p>\n","protected":false},"featured_media":14234,"comment_status":"open","ping_status":"closed","template":"","meta":{"_acf_changed":false},"product_brand":[],"product_cat":[463,471],"product_tag":[],"urun-tipi":[393],"class_list":{"0":"post-14236","1":"product","2":"type-product","3":"status-publish","4":"has-post-thumbnail","6":"product_cat-filters","7":"product_cat-fuel-filters","8":"urun-tipi-caterpillar-cat","10":"first","11":"onbackorder","12":"taxable","13":"shipping-taxable","14":"purchasable","15":"product-type-simple"},"acf":[],"_links":{"self":[{"href":"https:\/\/efamakina.com.tr\/az\/wp-json\/wp\/v2\/product\/14236","targetHints":{"allow":["GET"]}}],"collection":[{"href":"https:\/\/efamakina.com.tr\/az\/wp-json\/wp\/v2\/product"}],"about":[{"href":"https:\/\/efamakina.com.tr\/az\/wp-json\/wp\/v2\/types\/product"}],"replies":[{"embeddable":true,"href":"https:\/\/efamakina.com.tr\/az\/wp-json\/wp\/v2\/comments?post=14236"}],"wp:featuredmedia":[{"embeddable":true,"href":"https:\/\/efamakina.com.tr\/az\/wp-json\/wp\/v2\/media\/14234"}],"wp:attachment":[{"href":"https:\/\/efamakina.com.tr\/az\/wp-json\/wp\/v2\/media?parent=14236"}],"wp:term":[{"taxonomy":"product_brand","embeddable":true,"href":"https:\/\/efamakina.com.tr\/az\/wp-json\/wp\/v2\/product_brand?post=14236"},{"taxonomy":"product_cat","embeddable":true,"href":"https:\/\/efamakina.com.tr\/az\/wp-json\/wp\/v2\/product_cat?post=14236"},{"taxonomy":"product_tag","embeddable":true,"href":"https:\/\/efamakina.com.tr\/az\/wp-json\/wp\/v2\/product_tag?post=14236"},{"taxonomy":"urun-tipi","embeddable":true,"href":"https:\/\/efamakina.com.tr\/az\/wp-json\/wp\/v2\/urun-tipi?post=14236"}],"curies":[{"name":"wp","href":"https:\/\/api.w.org\/{rel}","templated":true}]}}