{"id":14226,"date":"2025-04-26T07:50:45","date_gmt":"2025-04-26T07:50:45","guid":{"rendered":"https:\/\/efamakina.com.tr\/urun\/4969846-element-as-air-filter-secondary\/"},"modified":"2025-04-26T07:52:13","modified_gmt":"2025-04-26T07:52:13","slug":"4969846-element-as-air-filter-secondary","status":"publish","type":"product","link":"https:\/\/efamakina.com.tr\/az\/urun\/4969846-element-as-air-filter-secondary\/","title":{"rendered":"4969846 Element As-Air Filter (Secondary)"},"content":{"rendered":"<p>Caterpillar, Cat, 4969846, 496-9846, Element, As, Air, Filter, (Secondary), Motor, Par\u00e7a, Par\u00e7alar\u0131, Engine, Part, Parts, M\u00fch\u0259rrik, Ehtiyat, Hiss\u0259l\u0259ri, Hisse, Hisseleri, Air, Filter, Filters, Hava, Filtre, Filtresi, Filtri, Filtiri, Filtr, Filtir, Secondary, \u0130\u00e7,<\/p>\n","protected":false},"excerpt":{"rendered":"<p>Caterpillar, Cat, 4969846, 496-9846, Element As-Air Filter (Secondary)<\/p>\n","protected":false},"featured_media":18560,"comment_status":"open","ping_status":"closed","template":"","meta":{"_acf_changed":false},"product_brand":[],"product_cat":[436,463],"product_tag":[],"urun-tipi":[393],"class_list":{"0":"post-14226","1":"product","2":"type-product","3":"status-publish","4":"has-post-thumbnail","6":"product_cat-air-filters","7":"product_cat-filters","8":"urun-tipi-caterpillar-cat","10":"first","11":"onbackorder","12":"taxable","13":"shipping-taxable","14":"purchasable","15":"product-type-simple"},"acf":[],"_links":{"self":[{"href":"https:\/\/efamakina.com.tr\/az\/wp-json\/wp\/v2\/product\/14226","targetHints":{"allow":["GET"]}}],"collection":[{"href":"https:\/\/efamakina.com.tr\/az\/wp-json\/wp\/v2\/product"}],"about":[{"href":"https:\/\/efamakina.com.tr\/az\/wp-json\/wp\/v2\/types\/product"}],"replies":[{"embeddable":true,"href":"https:\/\/efamakina.com.tr\/az\/wp-json\/wp\/v2\/comments?post=14226"}],"wp:featuredmedia":[{"embeddable":true,"href":"https:\/\/efamakina.com.tr\/az\/wp-json\/wp\/v2\/media\/18560"}],"wp:attachment":[{"href":"https:\/\/efamakina.com.tr\/az\/wp-json\/wp\/v2\/media?parent=14226"}],"wp:term":[{"taxonomy":"product_brand","embeddable":true,"href":"https:\/\/efamakina.com.tr\/az\/wp-json\/wp\/v2\/product_brand?post=14226"},{"taxonomy":"product_cat","embeddable":true,"href":"https:\/\/efamakina.com.tr\/az\/wp-json\/wp\/v2\/product_cat?post=14226"},{"taxonomy":"product_tag","embeddable":true,"href":"https:\/\/efamakina.com.tr\/az\/wp-json\/wp\/v2\/product_tag?post=14226"},{"taxonomy":"urun-tipi","embeddable":true,"href":"https:\/\/efamakina.com.tr\/az\/wp-json\/wp\/v2\/urun-tipi?post=14226"}],"curies":[{"name":"wp","href":"https:\/\/api.w.org\/{rel}","templated":true}]}}