{"id":14221,"date":"2025-04-26T07:39:50","date_gmt":"2025-04-26T07:39:50","guid":{"rendered":"https:\/\/efamakina.com.tr\/urun\/4969845-element-as-air-filter-primary\/"},"modified":"2025-04-26T07:41:21","modified_gmt":"2025-04-26T07:41:21","slug":"4969845-element-as-air-filter-primary","status":"publish","type":"product","link":"https:\/\/efamakina.com.tr\/az\/urun\/4969845-element-as-air-filter-primary\/","title":{"rendered":"4969845 Element As-Air Filter (Primary)"},"content":{"rendered":"<p>Caterpillar, Cat, 4969845, 496-9845, Element As-Air Filter (Primary), Motor, Par\u00e7a, Par\u00e7alar\u0131, Engine, Part, Parts, M\u00fch\u0259rrik, Ehtiyat, Hiss\u0259l\u0259ri, Hisse, Hisseleri, Air, Filter, Filters, Hava, Filtre, Filtresi, Filtri, Filtiri, Filtr, Filtir, Primary, D\u0131\u015f,<\/p>\n","protected":false},"excerpt":{"rendered":"<p>Caterpillar, Cat, 4969845, 496-9845, Element As-Air Filter (Primary)<\/p>\n","protected":false},"featured_media":18556,"comment_status":"open","ping_status":"closed","template":"","meta":{"_acf_changed":false},"product_brand":[],"product_cat":[436],"product_tag":[],"urun-tipi":[393],"class_list":{"0":"post-14221","1":"product","2":"type-product","3":"status-publish","4":"has-post-thumbnail","6":"product_cat-air-filters","7":"urun-tipi-caterpillar-cat","9":"first","10":"onbackorder","11":"taxable","12":"shipping-taxable","13":"purchasable","14":"product-type-simple"},"acf":[],"_links":{"self":[{"href":"https:\/\/efamakina.com.tr\/az\/wp-json\/wp\/v2\/product\/14221","targetHints":{"allow":["GET"]}}],"collection":[{"href":"https:\/\/efamakina.com.tr\/az\/wp-json\/wp\/v2\/product"}],"about":[{"href":"https:\/\/efamakina.com.tr\/az\/wp-json\/wp\/v2\/types\/product"}],"replies":[{"embeddable":true,"href":"https:\/\/efamakina.com.tr\/az\/wp-json\/wp\/v2\/comments?post=14221"}],"wp:featuredmedia":[{"embeddable":true,"href":"https:\/\/efamakina.com.tr\/az\/wp-json\/wp\/v2\/media\/18556"}],"wp:attachment":[{"href":"https:\/\/efamakina.com.tr\/az\/wp-json\/wp\/v2\/media?parent=14221"}],"wp:term":[{"taxonomy":"product_brand","embeddable":true,"href":"https:\/\/efamakina.com.tr\/az\/wp-json\/wp\/v2\/product_brand?post=14221"},{"taxonomy":"product_cat","embeddable":true,"href":"https:\/\/efamakina.com.tr\/az\/wp-json\/wp\/v2\/product_cat?post=14221"},{"taxonomy":"product_tag","embeddable":true,"href":"https:\/\/efamakina.com.tr\/az\/wp-json\/wp\/v2\/product_tag?post=14221"},{"taxonomy":"urun-tipi","embeddable":true,"href":"https:\/\/efamakina.com.tr\/az\/wp-json\/wp\/v2\/urun-tipi?post=14221"}],"curies":[{"name":"wp","href":"https:\/\/api.w.org\/{rel}","templated":true}]}}