{"id":13994,"date":"2025-03-11T11:22:16","date_gmt":"2025-03-11T11:22:16","guid":{"rendered":"https:\/\/efamakina.com.tr\/urun\/6k4718-bearing\/"},"modified":"2025-03-11T11:22:46","modified_gmt":"2025-03-11T11:22:46","slug":"6k4718-bearing","status":"publish","type":"product","link":"https:\/\/efamakina.com.tr\/az\/urun\/6k4718-bearing\/","title":{"rendered":"6K4718 Bearing"},"content":{"rendered":"<p>Caterpillar, Cat, Power, Train, Transmission Part, Parts, \u015eanz\u0131man, \u015eanzuman, Par\u00e7alar\u0131, Par\u00e7a, Karopka, Mufta, Ehtiyat, hiss\u0259l\u0259ri, hiss\u0259,<\/p>\n","protected":false},"excerpt":{"rendered":"<p>Caterpillar, Cat, 6K4718, 6K-4718, Bearing<\/p>\n","protected":false},"featured_media":13057,"comment_status":"open","ping_status":"closed","template":"","meta":{"_acf_changed":false},"product_brand":[],"product_cat":[425,430],"product_tag":[],"urun-tipi":[393],"class_list":{"0":"post-13994","1":"product","2":"type-product","3":"status-publish","4":"has-post-thumbnail","6":"product_cat-power-train","7":"product_cat-transmission","8":"urun-tipi-caterpillar-cat","10":"first","11":"instock","12":"sale","13":"taxable","14":"shipping-taxable","15":"purchasable","16":"product-type-simple"},"acf":[],"_links":{"self":[{"href":"https:\/\/efamakina.com.tr\/az\/wp-json\/wp\/v2\/product\/13994","targetHints":{"allow":["GET"]}}],"collection":[{"href":"https:\/\/efamakina.com.tr\/az\/wp-json\/wp\/v2\/product"}],"about":[{"href":"https:\/\/efamakina.com.tr\/az\/wp-json\/wp\/v2\/types\/product"}],"replies":[{"embeddable":true,"href":"https:\/\/efamakina.com.tr\/az\/wp-json\/wp\/v2\/comments?post=13994"}],"wp:featuredmedia":[{"embeddable":true,"href":"https:\/\/efamakina.com.tr\/az\/wp-json\/wp\/v2\/media\/13057"}],"wp:attachment":[{"href":"https:\/\/efamakina.com.tr\/az\/wp-json\/wp\/v2\/media?parent=13994"}],"wp:term":[{"taxonomy":"product_brand","embeddable":true,"href":"https:\/\/efamakina.com.tr\/az\/wp-json\/wp\/v2\/product_brand?post=13994"},{"taxonomy":"product_cat","embeddable":true,"href":"https:\/\/efamakina.com.tr\/az\/wp-json\/wp\/v2\/product_cat?post=13994"},{"taxonomy":"product_tag","embeddable":true,"href":"https:\/\/efamakina.com.tr\/az\/wp-json\/wp\/v2\/product_tag?post=13994"},{"taxonomy":"urun-tipi","embeddable":true,"href":"https:\/\/efamakina.com.tr\/az\/wp-json\/wp\/v2\/urun-tipi?post=13994"}],"curies":[{"name":"wp","href":"https:\/\/api.w.org\/{rel}","templated":true}]}}