{"id":13890,"date":"2025-01-19T05:11:00","date_gmt":"2025-01-19T05:11:00","guid":{"rendered":"https:\/\/efamakina.com.tr\/urun\/4243431-turbocharger-as\/"},"modified":"2025-01-19T05:11:22","modified_gmt":"2025-01-19T05:11:22","slug":"4243431-turbocharger-as","status":"publish","type":"product","link":"https:\/\/efamakina.com.tr\/az\/urun\/4243431-turbocharger-as\/","title":{"rendered":"4243431 Turbocharger AS"},"content":{"rendered":"<p>Caterpillar, Cat, 4243431, 424-3431, 4560062, 456-0062, 3937767, 393-7767, 3937766, 393-7766, 3601217, 360-1217, 3601213, 360-1213, 3560335, 356-0335, 3560333, 356-0333, 3551095, 355-1095, 3551093, 355-1093, 3472256, 347-2256,   Turbocharger AS Engine, Turbocharger, Motor, Turbo, \u015earj, Kompressor, Kompres\u00f6r, M\u00fch\u0259rrik, Turbo, <\/p>\n","protected":false},"excerpt":{"rendered":"<p>Caterpillar, Cat, 4243431, 424-3431, 4560062, 456-0062, 3937767, 393-7767, 3937766, 393-7766, 3601217, 360-1217, 3601213, 360-1213, 3560335, 356-0335, 3560333, 356-0333, 3551095, 355-1095, 3551093, 355-1093, 3472256, 347-2256,   Turbocharger AS<\/p>\n","protected":false},"featured_media":13734,"comment_status":"open","ping_status":"closed","template":"","meta":{"_acf_changed":false},"product_brand":[],"product_cat":[440],"product_tag":[],"urun-tipi":[393],"class_list":{"0":"post-13890","1":"product","2":"type-product","3":"status-publish","4":"has-post-thumbnail","6":"product_cat-turbochargers","7":"urun-tipi-caterpillar-cat","9":"first","10":"instock","11":"sale","12":"taxable","13":"shipping-taxable","14":"purchasable","15":"product-type-simple"},"acf":[],"_links":{"self":[{"href":"https:\/\/efamakina.com.tr\/az\/wp-json\/wp\/v2\/product\/13890","targetHints":{"allow":["GET"]}}],"collection":[{"href":"https:\/\/efamakina.com.tr\/az\/wp-json\/wp\/v2\/product"}],"about":[{"href":"https:\/\/efamakina.com.tr\/az\/wp-json\/wp\/v2\/types\/product"}],"replies":[{"embeddable":true,"href":"https:\/\/efamakina.com.tr\/az\/wp-json\/wp\/v2\/comments?post=13890"}],"wp:featuredmedia":[{"embeddable":true,"href":"https:\/\/efamakina.com.tr\/az\/wp-json\/wp\/v2\/media\/13734"}],"wp:attachment":[{"href":"https:\/\/efamakina.com.tr\/az\/wp-json\/wp\/v2\/media?parent=13890"}],"wp:term":[{"taxonomy":"product_brand","embeddable":true,"href":"https:\/\/efamakina.com.tr\/az\/wp-json\/wp\/v2\/product_brand?post=13890"},{"taxonomy":"product_cat","embeddable":true,"href":"https:\/\/efamakina.com.tr\/az\/wp-json\/wp\/v2\/product_cat?post=13890"},{"taxonomy":"product_tag","embeddable":true,"href":"https:\/\/efamakina.com.tr\/az\/wp-json\/wp\/v2\/product_tag?post=13890"},{"taxonomy":"urun-tipi","embeddable":true,"href":"https:\/\/efamakina.com.tr\/az\/wp-json\/wp\/v2\/urun-tipi?post=13890"}],"curies":[{"name":"wp","href":"https:\/\/api.w.org\/{rel}","templated":true}]}}