{"id":13822,"date":"2025-01-18T09:45:00","date_gmt":"2025-01-18T09:45:00","guid":{"rendered":"https:\/\/efamakina.com.tr\/urun\/6296308-turbocharger-as\/"},"modified":"2025-01-18T09:45:25","modified_gmt":"2025-01-18T09:45:25","slug":"6296308-turbocharger-as","status":"publish","type":"product","link":"https:\/\/efamakina.com.tr\/az\/urun\/6296308-turbocharger-as\/","title":{"rendered":"6296308 Turbocharger AS"},"content":{"rendered":"<p>Caterpillar, Cat, 6296308, 629-6308, 6143059, 614-3059, 6130123, 613-0123, 5267680, 526-7680, 5931529, 593-1529, 5931527, 593-1527, 5931526, 593-1526, 5567935, 556-7935, 4795827, 479-2527, 4611107, 461-1107, 4430326, 443-0326, 4430320, 443-0320, 3875262, 387-5262,     Turbocharger AS Engine, Turbocharger, Motor, Turbo, \u015earj, Kompressor, Kompres\u00f6r, M\u00fch\u0259rrik, Turbo, <\/p>\n","protected":false},"excerpt":{"rendered":"<p>Caterpillar, Cat, 6296308, 629-6308, 6143059, 614-3059, 6130123, 613-0123, 5267680, 526-7680, 5931529, 593-1529, 5931527, 593-1527, 5931526, 593-1526, 5567935, 556-7935, 4795827, 479-2527, 4611107, 461-1107, 4430326, 443-0326, 4430320, 443-0320, 3875262, 387-5262,     Turbocharger AS<\/p>\n","protected":false},"featured_media":13734,"comment_status":"open","ping_status":"closed","template":"","meta":{"_acf_changed":false},"product_brand":[],"product_cat":[440],"product_tag":[],"urun-tipi":[393],"class_list":{"0":"post-13822","1":"product","2":"type-product","3":"status-publish","4":"has-post-thumbnail","6":"product_cat-turbochargers","7":"urun-tipi-caterpillar-cat","9":"first","10":"instock","11":"sale","12":"taxable","13":"shipping-taxable","14":"purchasable","15":"product-type-simple"},"acf":[],"_links":{"self":[{"href":"https:\/\/efamakina.com.tr\/az\/wp-json\/wp\/v2\/product\/13822","targetHints":{"allow":["GET"]}}],"collection":[{"href":"https:\/\/efamakina.com.tr\/az\/wp-json\/wp\/v2\/product"}],"about":[{"href":"https:\/\/efamakina.com.tr\/az\/wp-json\/wp\/v2\/types\/product"}],"replies":[{"embeddable":true,"href":"https:\/\/efamakina.com.tr\/az\/wp-json\/wp\/v2\/comments?post=13822"}],"wp:featuredmedia":[{"embeddable":true,"href":"https:\/\/efamakina.com.tr\/az\/wp-json\/wp\/v2\/media\/13734"}],"wp:attachment":[{"href":"https:\/\/efamakina.com.tr\/az\/wp-json\/wp\/v2\/media?parent=13822"}],"wp:term":[{"taxonomy":"product_brand","embeddable":true,"href":"https:\/\/efamakina.com.tr\/az\/wp-json\/wp\/v2\/product_brand?post=13822"},{"taxonomy":"product_cat","embeddable":true,"href":"https:\/\/efamakina.com.tr\/az\/wp-json\/wp\/v2\/product_cat?post=13822"},{"taxonomy":"product_tag","embeddable":true,"href":"https:\/\/efamakina.com.tr\/az\/wp-json\/wp\/v2\/product_tag?post=13822"},{"taxonomy":"urun-tipi","embeddable":true,"href":"https:\/\/efamakina.com.tr\/az\/wp-json\/wp\/v2\/urun-tipi?post=13822"}],"curies":[{"name":"wp","href":"https:\/\/api.w.org\/{rel}","templated":true}]}}