{"id":13813,"date":"2025-01-18T09:37:54","date_gmt":"2025-01-18T09:37:54","guid":{"rendered":"https:\/\/efamakina.com.tr\/urun\/6073533-turbocharger-as\/"},"modified":"2025-01-18T09:39:00","modified_gmt":"2025-01-18T09:39:00","slug":"6073533-turbocharger-as","status":"publish","type":"product","link":"https:\/\/efamakina.com.tr\/az\/urun\/6073533-turbocharger-as\/","title":{"rendered":"6073533 Turbocharger AS"},"content":{"rendered":"<p>Caterpillar, Cat, 6073533, 607-3533, 6032688, 603-2688, Turbocharger AS Engine, Turbocharger, Motor, Turbo, \u015earj, Kompressor, Kompres\u00f6r, M\u00fch\u0259rrik, Turbo, <\/p>\n","protected":false},"excerpt":{"rendered":"<p>Caterpillar, Cat, 6073533, 607-3533, 6032688, 603-2688, Turbocharger AS<\/p>\n","protected":false},"featured_media":13734,"comment_status":"open","ping_status":"closed","template":"","meta":{"_acf_changed":false},"product_brand":[],"product_cat":[440],"product_tag":[],"urun-tipi":[393],"class_list":{"0":"post-13813","1":"product","2":"type-product","3":"status-publish","4":"has-post-thumbnail","6":"product_cat-turbochargers","7":"urun-tipi-caterpillar-cat","9":"first","10":"instock","11":"sale","12":"taxable","13":"shipping-taxable","14":"purchasable","15":"product-type-simple"},"acf":[],"_links":{"self":[{"href":"https:\/\/efamakina.com.tr\/az\/wp-json\/wp\/v2\/product\/13813","targetHints":{"allow":["GET"]}}],"collection":[{"href":"https:\/\/efamakina.com.tr\/az\/wp-json\/wp\/v2\/product"}],"about":[{"href":"https:\/\/efamakina.com.tr\/az\/wp-json\/wp\/v2\/types\/product"}],"replies":[{"embeddable":true,"href":"https:\/\/efamakina.com.tr\/az\/wp-json\/wp\/v2\/comments?post=13813"}],"wp:featuredmedia":[{"embeddable":true,"href":"https:\/\/efamakina.com.tr\/az\/wp-json\/wp\/v2\/media\/13734"}],"wp:attachment":[{"href":"https:\/\/efamakina.com.tr\/az\/wp-json\/wp\/v2\/media?parent=13813"}],"wp:term":[{"taxonomy":"product_brand","embeddable":true,"href":"https:\/\/efamakina.com.tr\/az\/wp-json\/wp\/v2\/product_brand?post=13813"},{"taxonomy":"product_cat","embeddable":true,"href":"https:\/\/efamakina.com.tr\/az\/wp-json\/wp\/v2\/product_cat?post=13813"},{"taxonomy":"product_tag","embeddable":true,"href":"https:\/\/efamakina.com.tr\/az\/wp-json\/wp\/v2\/product_tag?post=13813"},{"taxonomy":"urun-tipi","embeddable":true,"href":"https:\/\/efamakina.com.tr\/az\/wp-json\/wp\/v2\/urun-tipi?post=13813"}],"curies":[{"name":"wp","href":"https:\/\/api.w.org\/{rel}","templated":true}]}}