{"id":13728,"date":"2025-01-06T18:22:37","date_gmt":"2025-01-06T18:22:37","guid":{"rendered":"https:\/\/efamakina.com.tr\/urun\/3691255-tensioner-belt-2\/"},"modified":"2025-01-06T18:23:20","modified_gmt":"2025-01-06T18:23:20","slug":"3691255-tensioner-belt-2","status":"publish","type":"product","link":"https:\/\/efamakina.com.tr\/az\/urun\/3691255-tensioner-belt-2\/","title":{"rendered":"3691255 Tensioner-Belt"},"content":{"rendered":"<p>Caterpillar, Cat, 3691255, 369-1255, 3310128, 331-0128, 4744082, 474-4082,  Tensioner-Belt Belt, Tensioner, Kay\u0131\u015f, Gergi, Gergisi, Kasna\u011f\u0131, Kasnak, Gerdirici, R\u0259m\u0259n, G\u0259rginl\u0259\u015fdirici, G\u0259rgisi,<\/p>\n","protected":false},"excerpt":{"rendered":"<p>Caterpillar, Cat, 3691255, 369-1255, 3310128, 331-0128, 4744082, 474-4082, <\/p>\n","protected":false},"featured_media":13662,"comment_status":"open","ping_status":"closed","template":"","meta":{"_acf_changed":false},"product_brand":[],"product_cat":[535],"product_tag":[],"urun-tipi":[393],"class_list":{"0":"post-13728","1":"product","2":"type-product","3":"status-publish","4":"has-post-thumbnail","6":"product_cat-tensioners-pulleys-az","7":"urun-tipi-caterpillar-cat","9":"first","10":"instock","11":"sale","12":"taxable","13":"shipping-taxable","14":"purchasable","15":"product-type-simple"},"acf":[],"_links":{"self":[{"href":"https:\/\/efamakina.com.tr\/az\/wp-json\/wp\/v2\/product\/13728","targetHints":{"allow":["GET"]}}],"collection":[{"href":"https:\/\/efamakina.com.tr\/az\/wp-json\/wp\/v2\/product"}],"about":[{"href":"https:\/\/efamakina.com.tr\/az\/wp-json\/wp\/v2\/types\/product"}],"replies":[{"embeddable":true,"href":"https:\/\/efamakina.com.tr\/az\/wp-json\/wp\/v2\/comments?post=13728"}],"wp:featuredmedia":[{"embeddable":true,"href":"https:\/\/efamakina.com.tr\/az\/wp-json\/wp\/v2\/media\/13662"}],"wp:attachment":[{"href":"https:\/\/efamakina.com.tr\/az\/wp-json\/wp\/v2\/media?parent=13728"}],"wp:term":[{"taxonomy":"product_brand","embeddable":true,"href":"https:\/\/efamakina.com.tr\/az\/wp-json\/wp\/v2\/product_brand?post=13728"},{"taxonomy":"product_cat","embeddable":true,"href":"https:\/\/efamakina.com.tr\/az\/wp-json\/wp\/v2\/product_cat?post=13728"},{"taxonomy":"product_tag","embeddable":true,"href":"https:\/\/efamakina.com.tr\/az\/wp-json\/wp\/v2\/product_tag?post=13728"},{"taxonomy":"urun-tipi","embeddable":true,"href":"https:\/\/efamakina.com.tr\/az\/wp-json\/wp\/v2\/urun-tipi?post=13728"}],"curies":[{"name":"wp","href":"https:\/\/api.w.org\/{rel}","templated":true}]}}