{"id":13686,"date":"2025-01-06T17:33:34","date_gmt":"2025-01-06T17:33:34","guid":{"rendered":"https:\/\/efamakina.com.tr\/urun\/4442239-tensioner-belt\/"},"modified":"2025-01-06T17:34:10","modified_gmt":"2025-01-06T17:34:10","slug":"4442239-tensioner-belt","status":"publish","type":"product","link":"https:\/\/efamakina.com.tr\/az\/urun\/4442239-tensioner-belt\/","title":{"rendered":"4442239 Tensioner-Belt"},"content":{"rendered":"<p>Caterpillar, Cat, 4442239, 444-2239, 1421987, 142-1987, Tensioner-Belt Belt, Tensioner, Kay\u0131\u015f, Gergi, Gergisi, Kasna\u011f\u0131, Kasnak, Gerdirici, R\u0259m\u0259n, G\u0259rginl\u0259\u015fdirici, G\u0259rgisi,<\/p>\n","protected":false},"excerpt":{"rendered":"<p>Caterpillar, Cat, 4442239, 444-2239, 1421987, 142-1987,<\/p>\n","protected":false},"featured_media":13662,"comment_status":"open","ping_status":"closed","template":"","meta":{"_acf_changed":false},"product_brand":[],"product_cat":[535],"product_tag":[],"urun-tipi":[393],"class_list":{"0":"post-13686","1":"product","2":"type-product","3":"status-publish","4":"has-post-thumbnail","6":"product_cat-tensioners-pulleys-az","7":"urun-tipi-caterpillar-cat","9":"first","10":"instock","11":"sale","12":"taxable","13":"shipping-taxable","14":"purchasable","15":"product-type-simple"},"acf":[],"_links":{"self":[{"href":"https:\/\/efamakina.com.tr\/az\/wp-json\/wp\/v2\/product\/13686","targetHints":{"allow":["GET"]}}],"collection":[{"href":"https:\/\/efamakina.com.tr\/az\/wp-json\/wp\/v2\/product"}],"about":[{"href":"https:\/\/efamakina.com.tr\/az\/wp-json\/wp\/v2\/types\/product"}],"replies":[{"embeddable":true,"href":"https:\/\/efamakina.com.tr\/az\/wp-json\/wp\/v2\/comments?post=13686"}],"wp:featuredmedia":[{"embeddable":true,"href":"https:\/\/efamakina.com.tr\/az\/wp-json\/wp\/v2\/media\/13662"}],"wp:attachment":[{"href":"https:\/\/efamakina.com.tr\/az\/wp-json\/wp\/v2\/media?parent=13686"}],"wp:term":[{"taxonomy":"product_brand","embeddable":true,"href":"https:\/\/efamakina.com.tr\/az\/wp-json\/wp\/v2\/product_brand?post=13686"},{"taxonomy":"product_cat","embeddable":true,"href":"https:\/\/efamakina.com.tr\/az\/wp-json\/wp\/v2\/product_cat?post=13686"},{"taxonomy":"product_tag","embeddable":true,"href":"https:\/\/efamakina.com.tr\/az\/wp-json\/wp\/v2\/product_tag?post=13686"},{"taxonomy":"urun-tipi","embeddable":true,"href":"https:\/\/efamakina.com.tr\/az\/wp-json\/wp\/v2\/urun-tipi?post=13686"}],"curies":[{"name":"wp","href":"https:\/\/api.w.org\/{rel}","templated":true}]}}