{"id":13671,"date":"2024-07-14T10:56:48","date_gmt":"2024-07-14T10:56:48","guid":{"rendered":"https:\/\/efamakina.com.tr\/urun\/hava-filtresi-takim-35\/"},"modified":"2025-01-03T10:04:54","modified_gmt":"2025-01-03T10:04:54","slug":"hava-filtresi-takim-35","status":"publish","type":"product","link":"https:\/\/efamakina.com.tr\/az\/urun\/hava-filtresi-takim-35\/","title":{"rendered":"2456375\/2456376 Element As-Air Filter Kit"},"content":{"rendered":"<p>Caterpillar; Cat; 2456375, 245-6375, FAR2453M, Element, As, Air, Filter, Primary, Air, Filter, Filters, Hava, Filtre, Filtresi, Filtiri, Filtri, Filtr, D\u0131\u015f, FerraFilter, Caterpillar; Cat; 2456376, 245-6376, FAR1351S, Element, As, Air, Filter, Primary, Air, Filter, Filters, Hava, Filtre, Filtresi, Filtiri, Filtri, Filtr, \u0130\u00e7, FerraFilter, Kit, Tak\u0131m,<\/p>\n","protected":false},"excerpt":{"rendered":"<p>Caterpillar; Cat; 2456375, 245-6375, Element As-Air Filter Kit<br \/>\nCaterpillar; Cat; 2456376, 245-6376, Element As-Air Filter Kit<\/p>\n","protected":false},"featured_media":10154,"comment_status":"open","ping_status":"closed","template":"","meta":{"_acf_changed":false},"product_brand":[],"product_cat":[436,463],"product_tag":[],"urun-tipi":[393],"class_list":{"0":"post-13671","1":"product","2":"type-product","3":"status-publish","4":"has-post-thumbnail","6":"product_cat-air-filters","7":"product_cat-filters","8":"urun-tipi-caterpillar-cat","10":"first","11":"instock","12":"sale","13":"taxable","14":"shipping-taxable","15":"purchasable","16":"product-type-simple"},"acf":[],"_links":{"self":[{"href":"https:\/\/efamakina.com.tr\/az\/wp-json\/wp\/v2\/product\/13671","targetHints":{"allow":["GET"]}}],"collection":[{"href":"https:\/\/efamakina.com.tr\/az\/wp-json\/wp\/v2\/product"}],"about":[{"href":"https:\/\/efamakina.com.tr\/az\/wp-json\/wp\/v2\/types\/product"}],"replies":[{"embeddable":true,"href":"https:\/\/efamakina.com.tr\/az\/wp-json\/wp\/v2\/comments?post=13671"}],"wp:featuredmedia":[{"embeddable":true,"href":"https:\/\/efamakina.com.tr\/az\/wp-json\/wp\/v2\/media\/10154"}],"wp:attachment":[{"href":"https:\/\/efamakina.com.tr\/az\/wp-json\/wp\/v2\/media?parent=13671"}],"wp:term":[{"taxonomy":"product_brand","embeddable":true,"href":"https:\/\/efamakina.com.tr\/az\/wp-json\/wp\/v2\/product_brand?post=13671"},{"taxonomy":"product_cat","embeddable":true,"href":"https:\/\/efamakina.com.tr\/az\/wp-json\/wp\/v2\/product_cat?post=13671"},{"taxonomy":"product_tag","embeddable":true,"href":"https:\/\/efamakina.com.tr\/az\/wp-json\/wp\/v2\/product_tag?post=13671"},{"taxonomy":"urun-tipi","embeddable":true,"href":"https:\/\/efamakina.com.tr\/az\/wp-json\/wp\/v2\/urun-tipi?post=13671"}],"curies":[{"name":"wp","href":"https:\/\/api.w.org\/{rel}","templated":true}]}}